{"id":1251,"date":"2023-01-16T20:20:44","date_gmt":"2023-01-16T19:20:44","guid":{"rendered":"https:\/\/back2wellbeing.com\/?page_id=1251"},"modified":"2023-03-20T16:25:54","modified_gmt":"2023-03-20T15:25:54","slug":"reiki","status":"publish","type":"page","link":"https:\/\/back2wellbeing.com\/sl\/reiki\/","title":{"rendered":"Reiki"},"content":{"rendered":"\n<p class=\"has-text-color\" style=\"color:#102847\">Reiki je oblika alternativne medicine, ki prihaja iz Japonske, kjer se je razvila v za\u010detku 20. stoletja. <\/p>\n\n<div class=\"wp-block-columns has-text-color is-layout-flex wp-container-core-columns-is-layout-9d6595d7 wp-block-columns-is-layout-flex\" style=\"color:#a6c2c6\">\n<div class=\"wp-block-column is-layout-flow wp-block-column-is-layout-flow\" style=\"flex-basis:100%\">\n<blockquote class=\"wp-block-quote is-layout-flow wp-block-quote-is-layout-flow\">\n<p class=\"has-text-color\" style=\"color:#a6c2c6\">Beseda \u00bbreiki\u00ab je sestavljena iz dveh japonskih besed: \u00bbrei\u00ab, ki pomeni \u00bbuniverzalen\u00ab in \u00bbki\u00ab, ki pomeni \u00bbenergija\u00ab. Nana\u0161a se na univerzalno energijo, ki te\u010de skozi vsa \u017eiva bitja. <\/p>\n<\/blockquote>\n<\/div>\n<\/div>\n\n<p class=\"has-text-color\" style=\"color:#102847\">Ta pretok energije ohranja ravnovesje v umu in telesu. Dana\u0161nji stresen na\u010din \u017eivljenja nas lahko postopoma vle\u010de stran od sebe, zato se ustvarjajo blokade in moten je pretok Ki-ja. To lahko privede do telesnih, \u010dustvenih in du\u0161evnih neravnovesij, ki se poka\u017eejo v obliki bolezni.<\/p>\n\n<p class=\"has-text-color\" style=\"color:#a6c2c6\"><br\/><strong>Kot mojstrica reikija lahko kanaliziram reiki energijo. Tako omogo\u010dim njeno ponovno uravnove\u0161anje, sprostitev blokad in odpiranje energijskih centrov (\u010daker). Reiki seansa torej pomaga sprostiti simptome energijskega neravnovesja, kar prinese globok ob\u010dutek miru in dobrega po\u010dutja. <\/strong><\/p>\n\n<p class=\"has-text-color\" style=\"color:#102847\">\u0160tevilo potrebnih terapij se razlikuje od osebe do osebe. V\u010dasih je ena dovolj, da odpravite te\u017eavo, ki vas je pripeljala do mene, v\u010dasih pa je potrebnih ve\u010d terapij.<br\/>Reiki je primeren za vse vrste telesnih ali \u010dustvenih stisk, vklju\u010dno s kroni\u010dno bole\u010dino, stresom, utrujenostjo ali nespe\u010dnostjo. Namenjen je vra\u010danju uravnote\u017eenega po\u010dutja.<\/p>\n\n<p class=\"has-text-color\" style=\"color:#102847\">Reiki na daljavo je enako u\u010dinkovit kot v \u017eivo.<\/p>\n\n<figure class=\"wp-block-image size-large\"><img loading=\"lazy\" decoding=\"async\" width=\"1024\" height=\"384\" src=\"https:\/\/back2wellbeing.com\/wp-content\/uploads\/2023\/01\/Reiki-2_1920x720-1024x384.png\" alt=\"Reiki_energetsko zdravljenje\" class=\"wp-image-425\" srcset=\"https:\/\/back2wellbeing.com\/wp-content\/uploads\/2023\/01\/Reiki-2_1920x720-1024x384.png 1024w, https:\/\/back2wellbeing.com\/wp-content\/uploads\/2023\/01\/Reiki-2_1920x720-300x113.png 300w, https:\/\/back2wellbeing.com\/wp-content\/uploads\/2023\/01\/Reiki-2_1920x720-768x288.png 768w, https:\/\/back2wellbeing.com\/wp-content\/uploads\/2023\/01\/Reiki-2_1920x720-1536x576.png 1536w, https:\/\/back2wellbeing.com\/wp-content\/uploads\/2023\/01\/Reiki-2_1920x720.png 1920w\" sizes=\"auto, (max-width: 1024px) 100vw, 1024px\" \/><\/figure>\n\n<p><\/p>\n\n<div class=\"wp-block-buttons is-layout-flex wp-block-buttons-is-layout-flex\">\n<div class=\"wp-block-button aligncenter\"><a class=\"wp-block-button__link has-text-color has-background wp-element-button\" href=\"https:\/\/back2wellbeing.com\/sl\/kontakt\/\" style=\"color:#102847;background-color:#a6c2c6\">Kontakt<\/a><\/div>\n<\/div>\n","protected":false},"excerpt":{"rendered":"<p>Reiki je oblika alternativne medicine, ki prihaja iz Japonske, kjer se je razvila v za\u010detku 20. stoletja. Beseda \u00bbreiki\u00ab je sestavljena iz dveh japonskih besed: \u00bbrei\u00ab, ki pomeni \u00bbuniverzalen\u00ab in \u00bbki\u00ab, ki pomeni \u00bbenergija\u00ab. Nana\u0161a se na univerzalno energijo, ki te\u010de skozi vsa \u017eiva bitja. Ta pretok energije ohranja ravnovesje v umu in telesu. Dana\u0161nji [&hellip;]<\/p>\n","protected":false},"author":1,"featured_media":0,"parent":0,"menu_order":0,"comment_status":"closed","ping_status":"closed","template":"","meta":{"footnotes":""},"class_list":["post-1251","page","type-page","status-publish","hentry"],"yoast_head":"<!-- This site is optimized with the Yoast SEO plugin v27.4 - https:\/\/yoast.com\/product\/yoast-seo-wordpress\/ -->\n<title>Reiki - Back 2 Well-Being<\/title>\n<meta name=\"description\" content=\"Reiki je oblika alternativne medicine, ki prihaja iz Japonske, kjer se je razvila v za\u010detku 20. stoletja. Beseda \u00bbreiki\u00ab je sestavljena iz dveh japonskih besed: \u00bbrei\u00ab, ki pomeni \u00bbuniverzalen\u00ab in \u00bbki\u00ab, ki pomeni \u00bbenergija\u00ab. Nana\u0161a se na univerzalno energijo, ki te\u010de skozi vsa \u017eiva bitja. Ta pretok energije ohranja ravnovesje v umu in telesu. Dana\u0161nji stresen na\u010din \u017eivljenja nas lahko postopoma vle\u010de stran od sebe, zato se ustvarjajo blokade in moten je pretok Ki-ja. To lahko privede do telesnih, \u010dustvenih in du\u0161evnih neravnovesij, ki se poka\u017eejo v obliki bolezni.\" \/>\n<meta name=\"robots\" content=\"index, follow, max-snippet:-1, max-image-preview:large, max-video-preview:-1\" \/>\n<link rel=\"canonical\" href=\"https:\/\/back2wellbeing.com\/sl\/reiki\/\" \/>\n<meta property=\"og:locale\" content=\"sl_SI\" \/>\n<meta property=\"og:type\" content=\"article\" \/>\n<meta property=\"og:title\" content=\"Reiki - Back 2 Well-Being\" \/>\n<meta property=\"og:description\" content=\"Reiki je oblika alternativne medicine, ki prihaja iz Japonske, kjer se je razvila v za\u010detku 20. stoletja. Beseda \u00bbreiki\u00ab je sestavljena iz dveh japonskih besed: \u00bbrei\u00ab, ki pomeni \u00bbuniverzalen\u00ab in \u00bbki\u00ab, ki pomeni \u00bbenergija\u00ab. Nana\u0161a se na univerzalno energijo, ki te\u010de skozi vsa \u017eiva bitja. Ta pretok energije ohranja ravnovesje v umu in telesu. Dana\u0161nji stresen na\u010din \u017eivljenja nas lahko postopoma vle\u010de stran od sebe, zato se ustvarjajo blokade in moten je pretok Ki-ja. To lahko privede do telesnih, \u010dustvenih in du\u0161evnih neravnovesij, ki se poka\u017eejo v obliki bolezni.\" \/>\n<meta property=\"og:url\" content=\"https:\/\/back2wellbeing.com\/sl\/reiki\/\" \/>\n<meta property=\"og:site_name\" content=\"Back 2 Well-Being\" \/>\n<meta property=\"article:publisher\" content=\"https:\/\/www.facebook.com\/profile.php?id=100087633956178\" \/>\n<meta property=\"article:modified_time\" content=\"2023-03-20T15:25:54+00:00\" \/>\n<meta property=\"og:image\" content=\"https:\/\/back2wellbeing.com\/wp-content\/uploads\/2023\/01\/Reiki-2_1920x720-1024x384.png\" \/>\n<meta name=\"twitter:card\" content=\"summary_large_image\" \/>\n<meta name=\"twitter:label1\" content=\"Est. reading time\" \/>\n\t<meta name=\"twitter:data1\" content=\"2 minuti\" \/>\n<script type=\"application\/ld+json\" class=\"yoast-schema-graph\">{\"@context\":\"https:\\\/\\\/schema.org\",\"@graph\":[{\"@type\":\"WebPage\",\"@id\":\"https:\\\/\\\/back2wellbeing.com\\\/sl\\\/reiki\\\/\",\"url\":\"https:\\\/\\\/back2wellbeing.com\\\/sl\\\/reiki\\\/\",\"name\":\"Reiki - Back 2 Well-Being\",\"isPartOf\":{\"@id\":\"https:\\\/\\\/back2wellbeing.com\\\/sl\\\/#website\"},\"primaryImageOfPage\":{\"@id\":\"https:\\\/\\\/back2wellbeing.com\\\/sl\\\/reiki\\\/#primaryimage\"},\"image\":{\"@id\":\"https:\\\/\\\/back2wellbeing.com\\\/sl\\\/reiki\\\/#primaryimage\"},\"thumbnailUrl\":\"https:\\\/\\\/back2wellbeing.com\\\/wp-content\\\/uploads\\\/2023\\\/01\\\/Reiki-2_1920x720-1024x384.png\",\"datePublished\":\"2023-01-16T19:20:44+00:00\",\"dateModified\":\"2023-03-20T15:25:54+00:00\",\"description\":\"Reiki je oblika alternativne medicine, ki prihaja iz Japonske, kjer se je razvila v za\u010detku 20. stoletja. Beseda \u00bbreiki\u00ab je sestavljena iz dveh japonskih besed: \u00bbrei\u00ab, ki pomeni \u00bbuniverzalen\u00ab in \u00bbki\u00ab, ki pomeni \u00bbenergija\u00ab. Nana\u0161a se na univerzalno energijo, ki te\u010de skozi vsa \u017eiva bitja. Ta pretok energije ohranja ravnovesje v umu in telesu. Dana\u0161nji stresen na\u010din \u017eivljenja nas lahko postopoma vle\u010de stran od sebe, zato se ustvarjajo blokade in moten je pretok Ki-ja. To lahko privede do telesnih, \u010dustvenih in du\u0161evnih neravnovesij, ki se poka\u017eejo v obliki bolezni.\",\"breadcrumb\":{\"@id\":\"https:\\\/\\\/back2wellbeing.com\\\/sl\\\/reiki\\\/#breadcrumb\"},\"inLanguage\":\"sl-SI\",\"potentialAction\":[{\"@type\":\"ReadAction\",\"target\":[\"https:\\\/\\\/back2wellbeing.com\\\/sl\\\/reiki\\\/\"]}]},{\"@type\":\"ImageObject\",\"inLanguage\":\"sl-SI\",\"@id\":\"https:\\\/\\\/back2wellbeing.com\\\/sl\\\/reiki\\\/#primaryimage\",\"url\":\"https:\\\/\\\/back2wellbeing.com\\\/wp-content\\\/uploads\\\/2023\\\/01\\\/Reiki-2_1920x720-1024x384.png\",\"contentUrl\":\"https:\\\/\\\/back2wellbeing.com\\\/wp-content\\\/uploads\\\/2023\\\/01\\\/Reiki-2_1920x720-1024x384.png\"},{\"@type\":\"BreadcrumbList\",\"@id\":\"https:\\\/\\\/back2wellbeing.com\\\/sl\\\/reiki\\\/#breadcrumb\",\"itemListElement\":[{\"@type\":\"ListItem\",\"position\":1,\"name\":\"Home\",\"item\":\"https:\\\/\\\/back2wellbeing.com\\\/sl\\\/\"},{\"@type\":\"ListItem\",\"position\":2,\"name\":\"Reiki\"}]},{\"@type\":\"WebSite\",\"@id\":\"https:\\\/\\\/back2wellbeing.com\\\/sl\\\/#website\",\"url\":\"https:\\\/\\\/back2wellbeing.com\\\/sl\\\/\",\"name\":\"Back 2 Well-Being\",\"description\":\"Energy healing\",\"publisher\":{\"@id\":\"https:\\\/\\\/back2wellbeing.com\\\/sl\\\/#organization\"},\"potentialAction\":[{\"@type\":\"SearchAction\",\"target\":{\"@type\":\"EntryPoint\",\"urlTemplate\":\"https:\\\/\\\/back2wellbeing.com\\\/sl\\\/?s={search_term_string}\"},\"query-input\":{\"@type\":\"PropertyValueSpecification\",\"valueRequired\":true,\"valueName\":\"search_term_string\"}}],\"inLanguage\":\"sl-SI\"},{\"@type\":\"Organization\",\"@id\":\"https:\\\/\\\/back2wellbeing.com\\\/sl\\\/#organization\",\"name\":\"Back 2 Well-Being\",\"url\":\"https:\\\/\\\/back2wellbeing.com\\\/sl\\\/\",\"logo\":{\"@type\":\"ImageObject\",\"inLanguage\":\"sl-SI\",\"@id\":\"https:\\\/\\\/back2wellbeing.com\\\/sl\\\/#\\\/schema\\\/logo\\\/image\\\/\",\"url\":\"https:\\\/\\\/back2wellbeing.com\\\/wp-content\\\/uploads\\\/2023\\\/01\\\/logo_b2wb_4b-\u2013-kopija-1.jpg\",\"contentUrl\":\"https:\\\/\\\/back2wellbeing.com\\\/wp-content\\\/uploads\\\/2023\\\/01\\\/logo_b2wb_4b-\u2013-kopija-1.jpg\",\"width\":920,\"height\":802,\"caption\":\"Back 2 Well-Being\"},\"image\":{\"@id\":\"https:\\\/\\\/back2wellbeing.com\\\/sl\\\/#\\\/schema\\\/logo\\\/image\\\/\"},\"sameAs\":[\"https:\\\/\\\/www.facebook.com\\\/profile.php?id=100087633956178\",\"https:\\\/\\\/www.instagram.com\\\/back2wb\\\/?fbclid=IwAR2wqtZGZdsr8bfq2o3ZspfLVZW5Ra2pHS91wwF9-Tzk8u05T22hc7P3GFk\"]}]}<\/script>\n<!-- \/ Yoast SEO plugin. -->","yoast_head_json":{"title":"Reiki - Back 2 Well-Being","description":"Reiki je oblika alternativne medicine, ki prihaja iz Japonske, kjer se je razvila v za\u010detku 20. stoletja. Beseda \u00bbreiki\u00ab je sestavljena iz dveh japonskih besed: \u00bbrei\u00ab, ki pomeni \u00bbuniverzalen\u00ab in \u00bbki\u00ab, ki pomeni \u00bbenergija\u00ab. Nana\u0161a se na univerzalno energijo, ki te\u010de skozi vsa \u017eiva bitja. Ta pretok energije ohranja ravnovesje v umu in telesu. Dana\u0161nji stresen na\u010din \u017eivljenja nas lahko postopoma vle\u010de stran od sebe, zato se ustvarjajo blokade in moten je pretok Ki-ja. To lahko privede do telesnih, \u010dustvenih in du\u0161evnih neravnovesij, ki se poka\u017eejo v obliki bolezni.","robots":{"index":"index","follow":"follow","max-snippet":"max-snippet:-1","max-image-preview":"max-image-preview:large","max-video-preview":"max-video-preview:-1"},"canonical":"https:\/\/back2wellbeing.com\/sl\/reiki\/","og_locale":"sl_SI","og_type":"article","og_title":"Reiki - Back 2 Well-Being","og_description":"Reiki je oblika alternativne medicine, ki prihaja iz Japonske, kjer se je razvila v za\u010detku 20. stoletja. Beseda \u00bbreiki\u00ab je sestavljena iz dveh japonskih besed: \u00bbrei\u00ab, ki pomeni \u00bbuniverzalen\u00ab in \u00bbki\u00ab, ki pomeni \u00bbenergija\u00ab. Nana\u0161a se na univerzalno energijo, ki te\u010de skozi vsa \u017eiva bitja. Ta pretok energije ohranja ravnovesje v umu in telesu. Dana\u0161nji stresen na\u010din \u017eivljenja nas lahko postopoma vle\u010de stran od sebe, zato se ustvarjajo blokade in moten je pretok Ki-ja. To lahko privede do telesnih, \u010dustvenih in du\u0161evnih neravnovesij, ki se poka\u017eejo v obliki bolezni.","og_url":"https:\/\/back2wellbeing.com\/sl\/reiki\/","og_site_name":"Back 2 Well-Being","article_publisher":"https:\/\/www.facebook.com\/profile.php?id=100087633956178","article_modified_time":"2023-03-20T15:25:54+00:00","og_image":[{"url":"https:\/\/back2wellbeing.com\/wp-content\/uploads\/2023\/01\/Reiki-2_1920x720-1024x384.png","type":"","width":"","height":""}],"twitter_card":"summary_large_image","twitter_misc":{"Est. reading time":"2 minuti"},"schema":{"@context":"https:\/\/schema.org","@graph":[{"@type":"WebPage","@id":"https:\/\/back2wellbeing.com\/sl\/reiki\/","url":"https:\/\/back2wellbeing.com\/sl\/reiki\/","name":"Reiki - Back 2 Well-Being","isPartOf":{"@id":"https:\/\/back2wellbeing.com\/sl\/#website"},"primaryImageOfPage":{"@id":"https:\/\/back2wellbeing.com\/sl\/reiki\/#primaryimage"},"image":{"@id":"https:\/\/back2wellbeing.com\/sl\/reiki\/#primaryimage"},"thumbnailUrl":"https:\/\/back2wellbeing.com\/wp-content\/uploads\/2023\/01\/Reiki-2_1920x720-1024x384.png","datePublished":"2023-01-16T19:20:44+00:00","dateModified":"2023-03-20T15:25:54+00:00","description":"Reiki je oblika alternativne medicine, ki prihaja iz Japonske, kjer se je razvila v za\u010detku 20. stoletja. Beseda \u00bbreiki\u00ab je sestavljena iz dveh japonskih besed: \u00bbrei\u00ab, ki pomeni \u00bbuniverzalen\u00ab in \u00bbki\u00ab, ki pomeni \u00bbenergija\u00ab. Nana\u0161a se na univerzalno energijo, ki te\u010de skozi vsa \u017eiva bitja. Ta pretok energije ohranja ravnovesje v umu in telesu. Dana\u0161nji stresen na\u010din \u017eivljenja nas lahko postopoma vle\u010de stran od sebe, zato se ustvarjajo blokade in moten je pretok Ki-ja. To lahko privede do telesnih, \u010dustvenih in du\u0161evnih neravnovesij, ki se poka\u017eejo v obliki bolezni.","breadcrumb":{"@id":"https:\/\/back2wellbeing.com\/sl\/reiki\/#breadcrumb"},"inLanguage":"sl-SI","potentialAction":[{"@type":"ReadAction","target":["https:\/\/back2wellbeing.com\/sl\/reiki\/"]}]},{"@type":"ImageObject","inLanguage":"sl-SI","@id":"https:\/\/back2wellbeing.com\/sl\/reiki\/#primaryimage","url":"https:\/\/back2wellbeing.com\/wp-content\/uploads\/2023\/01\/Reiki-2_1920x720-1024x384.png","contentUrl":"https:\/\/back2wellbeing.com\/wp-content\/uploads\/2023\/01\/Reiki-2_1920x720-1024x384.png"},{"@type":"BreadcrumbList","@id":"https:\/\/back2wellbeing.com\/sl\/reiki\/#breadcrumb","itemListElement":[{"@type":"ListItem","position":1,"name":"Home","item":"https:\/\/back2wellbeing.com\/sl\/"},{"@type":"ListItem","position":2,"name":"Reiki"}]},{"@type":"WebSite","@id":"https:\/\/back2wellbeing.com\/sl\/#website","url":"https:\/\/back2wellbeing.com\/sl\/","name":"Back 2 Well-Being","description":"Energy healing","publisher":{"@id":"https:\/\/back2wellbeing.com\/sl\/#organization"},"potentialAction":[{"@type":"SearchAction","target":{"@type":"EntryPoint","urlTemplate":"https:\/\/back2wellbeing.com\/sl\/?s={search_term_string}"},"query-input":{"@type":"PropertyValueSpecification","valueRequired":true,"valueName":"search_term_string"}}],"inLanguage":"sl-SI"},{"@type":"Organization","@id":"https:\/\/back2wellbeing.com\/sl\/#organization","name":"Back 2 Well-Being","url":"https:\/\/back2wellbeing.com\/sl\/","logo":{"@type":"ImageObject","inLanguage":"sl-SI","@id":"https:\/\/back2wellbeing.com\/sl\/#\/schema\/logo\/image\/","url":"https:\/\/back2wellbeing.com\/wp-content\/uploads\/2023\/01\/logo_b2wb_4b-\u2013-kopija-1.jpg","contentUrl":"https:\/\/back2wellbeing.com\/wp-content\/uploads\/2023\/01\/logo_b2wb_4b-\u2013-kopija-1.jpg","width":920,"height":802,"caption":"Back 2 Well-Being"},"image":{"@id":"https:\/\/back2wellbeing.com\/sl\/#\/schema\/logo\/image\/"},"sameAs":["https:\/\/www.facebook.com\/profile.php?id=100087633956178","https:\/\/www.instagram.com\/back2wb\/?fbclid=IwAR2wqtZGZdsr8bfq2o3ZspfLVZW5Ra2pHS91wwF9-Tzk8u05T22hc7P3GFk"]}]}},"blog_post_layout_featured_media_urls":{"thumbnail":"","full":""},"categories_names":null,"comments_number":"0","_links":{"self":[{"href":"https:\/\/back2wellbeing.com\/sl\/wp-json\/wp\/v2\/pages\/1251","targetHints":{"allow":["GET"]}}],"collection":[{"href":"https:\/\/back2wellbeing.com\/sl\/wp-json\/wp\/v2\/pages"}],"about":[{"href":"https:\/\/back2wellbeing.com\/sl\/wp-json\/wp\/v2\/types\/page"}],"author":[{"embeddable":true,"href":"https:\/\/back2wellbeing.com\/sl\/wp-json\/wp\/v2\/users\/1"}],"replies":[{"embeddable":true,"href":"https:\/\/back2wellbeing.com\/sl\/wp-json\/wp\/v2\/comments?post=1251"}],"version-history":[{"count":15,"href":"https:\/\/back2wellbeing.com\/sl\/wp-json\/wp\/v2\/pages\/1251\/revisions"}],"predecessor-version":[{"id":1983,"href":"https:\/\/back2wellbeing.com\/sl\/wp-json\/wp\/v2\/pages\/1251\/revisions\/1983"}],"wp:attachment":[{"href":"https:\/\/back2wellbeing.com\/sl\/wp-json\/wp\/v2\/media?parent=1251"}],"curies":[{"name":"wp","href":"https:\/\/api.w.org\/{rel}","templated":true}]}}