{"id":1233,"date":"2019-04-24T11:43:41","date_gmt":"2019-04-24T10:43:41","guid":{"rendered":"https:\/\/back2wellbeing.com\/?page_id=1233"},"modified":"2023-03-14T14:55:10","modified_gmt":"2023-03-14T13:55:10","slug":"domov","status":"publish","type":"page","link":"https:\/\/back2wellbeing.com\/sl\/","title":{"rendered":"Domov"},"content":{"rendered":"\n<p class=\"has-text-color\" style=\"color:#102847\">Verjameva, da imamo vsi sposobnost \u017eiveti z lahkoto in veseljem, zadovoljni s tem, kar smo. Verjameva, da je zdravje na\u0161e naravno stanje.<\/p>\n\n<p class=\"has-text-color\" style=\"color:#102847\">Ljudje smo globoko v sebi pozabili, kdo smo.<\/p>\n\n<p class=\"has-text-color\" style=\"color:#102847\">Z zdru\u017eevanjem osebnih izku\u0161enj samozdravljenja, izku\u0161enj in znanja kot zdravnica ter z uporabo orodij, ki sem jih odkrila in se jih nau\u010dila na poti, pomagam ljudem, da se spomnijo in najdejo pot nazaj v njihovo naravno stanje zdravja, veselja in dobrega po\u010dutja.<\/p>\n","protected":false},"excerpt":{"rendered":"<p>Verjameva, da imamo vsi sposobnost \u017eiveti z lahkoto in veseljem, zadovoljni s tem, kar smo. Verjameva, da je zdravje na\u0161e naravno stanje. Ljudje smo globoko v sebi pozabili, kdo smo. Z zdru\u017eevanjem osebnih izku\u0161enj samozdravljenja, izku\u0161enj in znanja kot zdravnica ter z uporabo orodij, ki sem jih odkrila in se jih nau\u010dila na poti, pomagam [&hellip;]<\/p>\n","protected":false},"author":1,"featured_media":0,"parent":0,"menu_order":0,"comment_status":"closed","ping_status":"open","template":"","meta":{"footnotes":""},"class_list":["post-1233","page","type-page","status-publish","hentry"],"yoast_head":"<!-- This site is optimized with the Yoast SEO plugin v27.4 - https:\/\/yoast.com\/product\/yoast-seo-wordpress\/ -->\n<title>Domov - Back 2 Well-Being<\/title>\n<meta name=\"description\" content=\"Verjameva, da imamo vsi sposobnost \u017eiveti z lahkoto in veseljem, zadovoljni s tem, kar smo. Verjameva, da je zdravje na\u0161e naravno stanje. Veliko je ljudi, za katere se zdi, da bolj ali manj (ne)zavedno \u017eivijo zatopljeni v nekak\u0161no kroni\u010dno nezadovoljstvo. Z zdru\u017eevanjem osebnih izku\u0161enj samozdravljenja, izku\u0161enj in znanja kot zdravnica in kot psihologinja ter z uporabo orodij, ki sva jih odkrili in se jih nau\u010dili na poti, pomagava ljudem, da se spomnijo in najdejo pot nazaj v njihovo naravno stanje zdravja, veselja in dobrega po\u010dutja.\" \/>\n<meta name=\"robots\" content=\"index, follow, max-snippet:-1, max-image-preview:large, max-video-preview:-1\" \/>\n<link rel=\"canonical\" href=\"https:\/\/back2wellbeing.com\/sl\/\" \/>\n<meta property=\"og:locale\" content=\"sl_SI\" \/>\n<meta property=\"og:type\" content=\"article\" \/>\n<meta property=\"og:title\" content=\"Domov - Back 2 Well-Being\" \/>\n<meta property=\"og:description\" content=\"Verjameva, da imamo vsi sposobnost \u017eiveti z lahkoto in veseljem, zadovoljni s tem, kar smo. Verjameva, da je zdravje na\u0161e naravno stanje. Veliko je ljudi, za katere se zdi, da bolj ali manj (ne)zavedno \u017eivijo zatopljeni v nekak\u0161no kroni\u010dno nezadovoljstvo. Z zdru\u017eevanjem osebnih izku\u0161enj samozdravljenja, izku\u0161enj in znanja kot zdravnica in kot psihologinja ter z uporabo orodij, ki sva jih odkrili in se jih nau\u010dili na poti, pomagava ljudem, da se spomnijo in najdejo pot nazaj v njihovo naravno stanje zdravja, veselja in dobrega po\u010dutja.\" \/>\n<meta property=\"og:url\" content=\"https:\/\/back2wellbeing.com\/sl\/\" \/>\n<meta property=\"og:site_name\" content=\"Back 2 Well-Being\" \/>\n<meta property=\"article:publisher\" content=\"https:\/\/www.facebook.com\/profile.php?id=100087633956178\" \/>\n<meta property=\"article:modified_time\" content=\"2023-03-14T13:55:10+00:00\" \/>\n<meta name=\"twitter:card\" content=\"summary_large_image\" \/>\n<meta name=\"twitter:label1\" content=\"Est. reading time\" \/>\n\t<meta name=\"twitter:data1\" content=\"1 minuta\" \/>\n<script type=\"application\/ld+json\" class=\"yoast-schema-graph\">{\"@context\":\"https:\\\/\\\/schema.org\",\"@graph\":[{\"@type\":\"WebPage\",\"@id\":\"https:\\\/\\\/back2wellbeing.com\\\/sl\\\/\",\"url\":\"https:\\\/\\\/back2wellbeing.com\\\/sl\\\/\",\"name\":\"Domov - Back 2 Well-Being\",\"isPartOf\":{\"@id\":\"https:\\\/\\\/back2wellbeing.com\\\/sl\\\/#website\"},\"datePublished\":\"2019-04-24T10:43:41+00:00\",\"dateModified\":\"2023-03-14T13:55:10+00:00\",\"description\":\"Verjameva, da imamo vsi sposobnost \u017eiveti z lahkoto in veseljem, zadovoljni s tem, kar smo. Verjameva, da je zdravje na\u0161e naravno stanje. Veliko je ljudi, za katere se zdi, da bolj ali manj (ne)zavedno \u017eivijo zatopljeni v nekak\u0161no kroni\u010dno nezadovoljstvo. Z zdru\u017eevanjem osebnih izku\u0161enj samozdravljenja, izku\u0161enj in znanja kot zdravnica in kot psihologinja ter z uporabo orodij, ki sva jih odkrili in se jih nau\u010dili na poti, pomagava ljudem, da se spomnijo in najdejo pot nazaj v njihovo naravno stanje zdravja, veselja in dobrega po\u010dutja.\",\"breadcrumb\":{\"@id\":\"https:\\\/\\\/back2wellbeing.com\\\/sl\\\/#breadcrumb\"},\"inLanguage\":\"sl-SI\",\"potentialAction\":[{\"@type\":\"ReadAction\",\"target\":[\"https:\\\/\\\/back2wellbeing.com\\\/sl\\\/\"]}]},{\"@type\":\"BreadcrumbList\",\"@id\":\"https:\\\/\\\/back2wellbeing.com\\\/sl\\\/#breadcrumb\",\"itemListElement\":[{\"@type\":\"ListItem\",\"position\":1,\"name\":\"Home\",\"item\":\"https:\\\/\\\/back2wellbeing.com\\\/sl\\\/\"},{\"@type\":\"ListItem\",\"position\":2,\"name\":\"Domov\"}]},{\"@type\":\"WebSite\",\"@id\":\"https:\\\/\\\/back2wellbeing.com\\\/sl\\\/#website\",\"url\":\"https:\\\/\\\/back2wellbeing.com\\\/sl\\\/\",\"name\":\"Back 2 Well-Being\",\"description\":\"Energy healing\",\"publisher\":{\"@id\":\"https:\\\/\\\/back2wellbeing.com\\\/sl\\\/#organization\"},\"potentialAction\":[{\"@type\":\"SearchAction\",\"target\":{\"@type\":\"EntryPoint\",\"urlTemplate\":\"https:\\\/\\\/back2wellbeing.com\\\/sl\\\/?s={search_term_string}\"},\"query-input\":{\"@type\":\"PropertyValueSpecification\",\"valueRequired\":true,\"valueName\":\"search_term_string\"}}],\"inLanguage\":\"sl-SI\"},{\"@type\":\"Organization\",\"@id\":\"https:\\\/\\\/back2wellbeing.com\\\/sl\\\/#organization\",\"name\":\"Back 2 Well-Being\",\"url\":\"https:\\\/\\\/back2wellbeing.com\\\/sl\\\/\",\"logo\":{\"@type\":\"ImageObject\",\"inLanguage\":\"sl-SI\",\"@id\":\"https:\\\/\\\/back2wellbeing.com\\\/sl\\\/#\\\/schema\\\/logo\\\/image\\\/\",\"url\":\"https:\\\/\\\/back2wellbeing.com\\\/wp-content\\\/uploads\\\/2023\\\/01\\\/logo_b2wb_4b-\u2013-kopija-1.jpg\",\"contentUrl\":\"https:\\\/\\\/back2wellbeing.com\\\/wp-content\\\/uploads\\\/2023\\\/01\\\/logo_b2wb_4b-\u2013-kopija-1.jpg\",\"width\":920,\"height\":802,\"caption\":\"Back 2 Well-Being\"},\"image\":{\"@id\":\"https:\\\/\\\/back2wellbeing.com\\\/sl\\\/#\\\/schema\\\/logo\\\/image\\\/\"},\"sameAs\":[\"https:\\\/\\\/www.facebook.com\\\/profile.php?id=100087633956178\",\"https:\\\/\\\/www.instagram.com\\\/back2wb\\\/?fbclid=IwAR2wqtZGZdsr8bfq2o3ZspfLVZW5Ra2pHS91wwF9-Tzk8u05T22hc7P3GFk\"]}]}<\/script>\n<!-- \/ Yoast SEO plugin. -->","yoast_head_json":{"title":"Domov - Back 2 Well-Being","description":"Verjameva, da imamo vsi sposobnost \u017eiveti z lahkoto in veseljem, zadovoljni s tem, kar smo. Verjameva, da je zdravje na\u0161e naravno stanje. Veliko je ljudi, za katere se zdi, da bolj ali manj (ne)zavedno \u017eivijo zatopljeni v nekak\u0161no kroni\u010dno nezadovoljstvo. Z zdru\u017eevanjem osebnih izku\u0161enj samozdravljenja, izku\u0161enj in znanja kot zdravnica in kot psihologinja ter z uporabo orodij, ki sva jih odkrili in se jih nau\u010dili na poti, pomagava ljudem, da se spomnijo in najdejo pot nazaj v njihovo naravno stanje zdravja, veselja in dobrega po\u010dutja.","robots":{"index":"index","follow":"follow","max-snippet":"max-snippet:-1","max-image-preview":"max-image-preview:large","max-video-preview":"max-video-preview:-1"},"canonical":"https:\/\/back2wellbeing.com\/sl\/","og_locale":"sl_SI","og_type":"article","og_title":"Domov - Back 2 Well-Being","og_description":"Verjameva, da imamo vsi sposobnost \u017eiveti z lahkoto in veseljem, zadovoljni s tem, kar smo. Verjameva, da je zdravje na\u0161e naravno stanje. Veliko je ljudi, za katere se zdi, da bolj ali manj (ne)zavedno \u017eivijo zatopljeni v nekak\u0161no kroni\u010dno nezadovoljstvo. Z zdru\u017eevanjem osebnih izku\u0161enj samozdravljenja, izku\u0161enj in znanja kot zdravnica in kot psihologinja ter z uporabo orodij, ki sva jih odkrili in se jih nau\u010dili na poti, pomagava ljudem, da se spomnijo in najdejo pot nazaj v njihovo naravno stanje zdravja, veselja in dobrega po\u010dutja.","og_url":"https:\/\/back2wellbeing.com\/sl\/","og_site_name":"Back 2 Well-Being","article_publisher":"https:\/\/www.facebook.com\/profile.php?id=100087633956178","article_modified_time":"2023-03-14T13:55:10+00:00","twitter_card":"summary_large_image","twitter_misc":{"Est. reading time":"1 minuta"},"schema":{"@context":"https:\/\/schema.org","@graph":[{"@type":"WebPage","@id":"https:\/\/back2wellbeing.com\/sl\/","url":"https:\/\/back2wellbeing.com\/sl\/","name":"Domov - Back 2 Well-Being","isPartOf":{"@id":"https:\/\/back2wellbeing.com\/sl\/#website"},"datePublished":"2019-04-24T10:43:41+00:00","dateModified":"2023-03-14T13:55:10+00:00","description":"Verjameva, da imamo vsi sposobnost \u017eiveti z lahkoto in veseljem, zadovoljni s tem, kar smo. Verjameva, da je zdravje na\u0161e naravno stanje. Veliko je ljudi, za katere se zdi, da bolj ali manj (ne)zavedno \u017eivijo zatopljeni v nekak\u0161no kroni\u010dno nezadovoljstvo. Z zdru\u017eevanjem osebnih izku\u0161enj samozdravljenja, izku\u0161enj in znanja kot zdravnica in kot psihologinja ter z uporabo orodij, ki sva jih odkrili in se jih nau\u010dili na poti, pomagava ljudem, da se spomnijo in najdejo pot nazaj v njihovo naravno stanje zdravja, veselja in dobrega po\u010dutja.","breadcrumb":{"@id":"https:\/\/back2wellbeing.com\/sl\/#breadcrumb"},"inLanguage":"sl-SI","potentialAction":[{"@type":"ReadAction","target":["https:\/\/back2wellbeing.com\/sl\/"]}]},{"@type":"BreadcrumbList","@id":"https:\/\/back2wellbeing.com\/sl\/#breadcrumb","itemListElement":[{"@type":"ListItem","position":1,"name":"Home","item":"https:\/\/back2wellbeing.com\/sl\/"},{"@type":"ListItem","position":2,"name":"Domov"}]},{"@type":"WebSite","@id":"https:\/\/back2wellbeing.com\/sl\/#website","url":"https:\/\/back2wellbeing.com\/sl\/","name":"Back 2 Well-Being","description":"Energy healing","publisher":{"@id":"https:\/\/back2wellbeing.com\/sl\/#organization"},"potentialAction":[{"@type":"SearchAction","target":{"@type":"EntryPoint","urlTemplate":"https:\/\/back2wellbeing.com\/sl\/?s={search_term_string}"},"query-input":{"@type":"PropertyValueSpecification","valueRequired":true,"valueName":"search_term_string"}}],"inLanguage":"sl-SI"},{"@type":"Organization","@id":"https:\/\/back2wellbeing.com\/sl\/#organization","name":"Back 2 Well-Being","url":"https:\/\/back2wellbeing.com\/sl\/","logo":{"@type":"ImageObject","inLanguage":"sl-SI","@id":"https:\/\/back2wellbeing.com\/sl\/#\/schema\/logo\/image\/","url":"https:\/\/back2wellbeing.com\/wp-content\/uploads\/2023\/01\/logo_b2wb_4b-\u2013-kopija-1.jpg","contentUrl":"https:\/\/back2wellbeing.com\/wp-content\/uploads\/2023\/01\/logo_b2wb_4b-\u2013-kopija-1.jpg","width":920,"height":802,"caption":"Back 2 Well-Being"},"image":{"@id":"https:\/\/back2wellbeing.com\/sl\/#\/schema\/logo\/image\/"},"sameAs":["https:\/\/www.facebook.com\/profile.php?id=100087633956178","https:\/\/www.instagram.com\/back2wb\/?fbclid=IwAR2wqtZGZdsr8bfq2o3ZspfLVZW5Ra2pHS91wwF9-Tzk8u05T22hc7P3GFk"]}]}},"blog_post_layout_featured_media_urls":{"thumbnail":"","full":""},"categories_names":null,"comments_number":"0","_links":{"self":[{"href":"https:\/\/back2wellbeing.com\/sl\/wp-json\/wp\/v2\/pages\/1233","targetHints":{"allow":["GET"]}}],"collection":[{"href":"https:\/\/back2wellbeing.com\/sl\/wp-json\/wp\/v2\/pages"}],"about":[{"href":"https:\/\/back2wellbeing.com\/sl\/wp-json\/wp\/v2\/types\/page"}],"author":[{"embeddable":true,"href":"https:\/\/back2wellbeing.com\/sl\/wp-json\/wp\/v2\/users\/1"}],"replies":[{"embeddable":true,"href":"https:\/\/back2wellbeing.com\/sl\/wp-json\/wp\/v2\/comments?post=1233"}],"version-history":[{"count":18,"href":"https:\/\/back2wellbeing.com\/sl\/wp-json\/wp\/v2\/pages\/1233\/revisions"}],"predecessor-version":[{"id":1891,"href":"https:\/\/back2wellbeing.com\/sl\/wp-json\/wp\/v2\/pages\/1233\/revisions\/1891"}],"wp:attachment":[{"href":"https:\/\/back2wellbeing.com\/sl\/wp-json\/wp\/v2\/media?parent=1233"}],"curies":[{"name":"wp","href":"https:\/\/api.w.org\/{rel}","templated":true}]}}