{"id":1225,"date":"2019-04-24T11:43:41","date_gmt":"2019-04-24T10:43:41","guid":{"rendered":"https:\/\/back2wellbeing.com\/?page_id=1225"},"modified":"2023-03-20T12:05:00","modified_gmt":"2023-03-20T11:05:00","slug":"accueil","status":"publish","type":"page","link":"https:\/\/back2wellbeing.com\/fr\/","title":{"rendered":"Accueil"},"content":{"rendered":"\n<p class=\"has-text-color\" style=\"color:#102847\">Nous croyons que nous avons tous la capacit\u00e9 de vivre avec facilit\u00e9 et joie dans la satisfaction de qui nous sommes. Nous croyons que la sant\u00e9 est notre \u00e9tat naturel de l&rsquo;\u00eatre.<\/p>\n\n<p class=\"has-text-color\" style=\"color:#102847\">Nous avons un peu oubli\u00e9 qui nous sommes au fond de nous.<\/p>\n\n<p class=\"has-text-color\" style=\"color:#102847\">En combinant nos exp\u00e9riences personnelles d\u2019auto-gu\u00e9rison, nos exp\u00e9riences et nos connaissances de m\u00e9decin et de psychologue, et en utilisant les outils que nous avons d\u00e9couverts et appris tout au long du voyage, nous aidons les gens \u00e0 se souvenir et \u00e0 retrouver le chemin vers leur \u00e9tat naturel de sant\u00e9, de joie et de bien-\u00eatre.<\/p>\n","protected":false},"excerpt":{"rendered":"<p>Nous croyons que nous avons tous la capacit\u00e9 de vivre avec facilit\u00e9 et joie dans la satisfaction de qui nous sommes. Nous croyons que la sant\u00e9 est notre \u00e9tat naturel de l&rsquo;\u00eatre. Nous avons un peu oubli\u00e9 qui nous sommes au fond de nous. En combinant nos exp\u00e9riences personnelles d\u2019auto-gu\u00e9rison, nos exp\u00e9riences et nos connaissances [&hellip;]<\/p>\n","protected":false},"author":1,"featured_media":0,"parent":0,"menu_order":0,"comment_status":"closed","ping_status":"open","template":"","meta":{"footnotes":""},"class_list":["post-1225","page","type-page","status-publish","hentry"],"yoast_head":"<!-- This site is optimized with the Yoast SEO plugin v27.4 - https:\/\/yoast.com\/product\/yoast-seo-wordpress\/ -->\n<title>Accueil - Back 2 Well-Being<\/title>\n<meta name=\"description\" content=\"Nous croyons que nous avons tous la capacit\u00e9 de vivre avec facilit\u00e9 et joie dans la satisfaction de qui nous sommes. Nous croyons que la sant\u00e9 est notre \u00e9tat naturel de l&#039;\u00eatre. Nous avons un peu oubli\u00e9 qui nous sommes au fond de nous. En combinant nos exp\u00e9riences personnelles d\u2019auto-gu\u00e9rison, nos exp\u00e9riences et nos connaissances de m\u00e9decin et de psychologue, et en utilisant les outils que nous avons d\u00e9couverts et appris tout au long du voyage, nous aidons les gens \u00e0 se souvenir et \u00e0 retrouver le chemin vers leur \u00e9tat naturel de sant\u00e9, de joie et de bien-\u00eatre.\" \/>\n<meta name=\"robots\" content=\"index, follow, max-snippet:-1, max-image-preview:large, max-video-preview:-1\" \/>\n<link rel=\"canonical\" href=\"https:\/\/back2wellbeing.com\/fr\/\" \/>\n<meta property=\"og:locale\" content=\"fr_FR\" \/>\n<meta property=\"og:type\" content=\"article\" \/>\n<meta property=\"og:title\" content=\"Accueil - Back 2 Well-Being\" \/>\n<meta property=\"og:description\" content=\"Nous croyons que nous avons tous la capacit\u00e9 de vivre avec facilit\u00e9 et joie dans la satisfaction de qui nous sommes. Nous croyons que la sant\u00e9 est notre \u00e9tat naturel de l&#039;\u00eatre. Nous avons un peu oubli\u00e9 qui nous sommes au fond de nous. En combinant nos exp\u00e9riences personnelles d\u2019auto-gu\u00e9rison, nos exp\u00e9riences et nos connaissances de m\u00e9decin et de psychologue, et en utilisant les outils que nous avons d\u00e9couverts et appris tout au long du voyage, nous aidons les gens \u00e0 se souvenir et \u00e0 retrouver le chemin vers leur \u00e9tat naturel de sant\u00e9, de joie et de bien-\u00eatre.\" \/>\n<meta property=\"og:url\" content=\"https:\/\/back2wellbeing.com\/fr\/\" \/>\n<meta property=\"og:site_name\" content=\"Back 2 Well-Being\" \/>\n<meta property=\"article:publisher\" content=\"https:\/\/www.facebook.com\/profile.php?id=100087633956178\" \/>\n<meta property=\"article:modified_time\" content=\"2023-03-20T11:05:00+00:00\" \/>\n<meta name=\"twitter:card\" content=\"summary_large_image\" \/>\n<meta name=\"twitter:label1\" content=\"Dur\u00e9e de lecture estim\u00e9e\" \/>\n\t<meta name=\"twitter:data1\" content=\"1 minute\" \/>\n<script type=\"application\/ld+json\" class=\"yoast-schema-graph\">{\"@context\":\"https:\\\/\\\/schema.org\",\"@graph\":[{\"@type\":\"WebPage\",\"@id\":\"https:\\\/\\\/back2wellbeing.com\\\/fr\\\/\",\"url\":\"https:\\\/\\\/back2wellbeing.com\\\/fr\\\/\",\"name\":\"Accueil - Back 2 Well-Being\",\"isPartOf\":{\"@id\":\"https:\\\/\\\/back2wellbeing.com\\\/fr\\\/#website\"},\"datePublished\":\"2019-04-24T10:43:41+00:00\",\"dateModified\":\"2023-03-20T11:05:00+00:00\",\"description\":\"Nous croyons que nous avons tous la capacit\u00e9 de vivre avec facilit\u00e9 et joie dans la satisfaction de qui nous sommes. Nous croyons que la sant\u00e9 est notre \u00e9tat naturel de l'\u00eatre. Nous avons un peu oubli\u00e9 qui nous sommes au fond de nous. En combinant nos exp\u00e9riences personnelles d\u2019auto-gu\u00e9rison, nos exp\u00e9riences et nos connaissances de m\u00e9decin et de psychologue, et en utilisant les outils que nous avons d\u00e9couverts et appris tout au long du voyage, nous aidons les gens \u00e0 se souvenir et \u00e0 retrouver le chemin vers leur \u00e9tat naturel de sant\u00e9, de joie et de bien-\u00eatre.\",\"breadcrumb\":{\"@id\":\"https:\\\/\\\/back2wellbeing.com\\\/fr\\\/#breadcrumb\"},\"inLanguage\":\"fr-FR\",\"potentialAction\":[{\"@type\":\"ReadAction\",\"target\":[\"https:\\\/\\\/back2wellbeing.com\\\/fr\\\/\"]}]},{\"@type\":\"BreadcrumbList\",\"@id\":\"https:\\\/\\\/back2wellbeing.com\\\/fr\\\/#breadcrumb\",\"itemListElement\":[{\"@type\":\"ListItem\",\"position\":1,\"name\":\"Home\",\"item\":\"https:\\\/\\\/back2wellbeing.com\\\/fr\\\/\"},{\"@type\":\"ListItem\",\"position\":2,\"name\":\"Accueil\"}]},{\"@type\":\"WebSite\",\"@id\":\"https:\\\/\\\/back2wellbeing.com\\\/fr\\\/#website\",\"url\":\"https:\\\/\\\/back2wellbeing.com\\\/fr\\\/\",\"name\":\"Back 2 Well-Being\",\"description\":\"Energy healing\",\"publisher\":{\"@id\":\"https:\\\/\\\/back2wellbeing.com\\\/fr\\\/#organization\"},\"potentialAction\":[{\"@type\":\"SearchAction\",\"target\":{\"@type\":\"EntryPoint\",\"urlTemplate\":\"https:\\\/\\\/back2wellbeing.com\\\/fr\\\/?s={search_term_string}\"},\"query-input\":{\"@type\":\"PropertyValueSpecification\",\"valueRequired\":true,\"valueName\":\"search_term_string\"}}],\"inLanguage\":\"fr-FR\"},{\"@type\":\"Organization\",\"@id\":\"https:\\\/\\\/back2wellbeing.com\\\/fr\\\/#organization\",\"name\":\"Back 2 Well-Being\",\"url\":\"https:\\\/\\\/back2wellbeing.com\\\/fr\\\/\",\"logo\":{\"@type\":\"ImageObject\",\"inLanguage\":\"fr-FR\",\"@id\":\"https:\\\/\\\/back2wellbeing.com\\\/fr\\\/#\\\/schema\\\/logo\\\/image\\\/\",\"url\":\"https:\\\/\\\/back2wellbeing.com\\\/wp-content\\\/uploads\\\/2023\\\/01\\\/logo_b2wb_4b-\u2013-kopija-1.jpg\",\"contentUrl\":\"https:\\\/\\\/back2wellbeing.com\\\/wp-content\\\/uploads\\\/2023\\\/01\\\/logo_b2wb_4b-\u2013-kopija-1.jpg\",\"width\":920,\"height\":802,\"caption\":\"Back 2 Well-Being\"},\"image\":{\"@id\":\"https:\\\/\\\/back2wellbeing.com\\\/fr\\\/#\\\/schema\\\/logo\\\/image\\\/\"},\"sameAs\":[\"https:\\\/\\\/www.facebook.com\\\/profile.php?id=100087633956178\",\"https:\\\/\\\/www.instagram.com\\\/back2wb\\\/?fbclid=IwAR2wqtZGZdsr8bfq2o3ZspfLVZW5Ra2pHS91wwF9-Tzk8u05T22hc7P3GFk\"]}]}<\/script>\n<!-- \/ Yoast SEO plugin. -->","yoast_head_json":{"title":"Accueil - Back 2 Well-Being","description":"Nous croyons que nous avons tous la capacit\u00e9 de vivre avec facilit\u00e9 et joie dans la satisfaction de qui nous sommes. Nous croyons que la sant\u00e9 est notre \u00e9tat naturel de l'\u00eatre. Nous avons un peu oubli\u00e9 qui nous sommes au fond de nous. En combinant nos exp\u00e9riences personnelles d\u2019auto-gu\u00e9rison, nos exp\u00e9riences et nos connaissances de m\u00e9decin et de psychologue, et en utilisant les outils que nous avons d\u00e9couverts et appris tout au long du voyage, nous aidons les gens \u00e0 se souvenir et \u00e0 retrouver le chemin vers leur \u00e9tat naturel de sant\u00e9, de joie et de bien-\u00eatre.","robots":{"index":"index","follow":"follow","max-snippet":"max-snippet:-1","max-image-preview":"max-image-preview:large","max-video-preview":"max-video-preview:-1"},"canonical":"https:\/\/back2wellbeing.com\/fr\/","og_locale":"fr_FR","og_type":"article","og_title":"Accueil - Back 2 Well-Being","og_description":"Nous croyons que nous avons tous la capacit\u00e9 de vivre avec facilit\u00e9 et joie dans la satisfaction de qui nous sommes. Nous croyons que la sant\u00e9 est notre \u00e9tat naturel de l'\u00eatre. Nous avons un peu oubli\u00e9 qui nous sommes au fond de nous. En combinant nos exp\u00e9riences personnelles d\u2019auto-gu\u00e9rison, nos exp\u00e9riences et nos connaissances de m\u00e9decin et de psychologue, et en utilisant les outils que nous avons d\u00e9couverts et appris tout au long du voyage, nous aidons les gens \u00e0 se souvenir et \u00e0 retrouver le chemin vers leur \u00e9tat naturel de sant\u00e9, de joie et de bien-\u00eatre.","og_url":"https:\/\/back2wellbeing.com\/fr\/","og_site_name":"Back 2 Well-Being","article_publisher":"https:\/\/www.facebook.com\/profile.php?id=100087633956178","article_modified_time":"2023-03-20T11:05:00+00:00","twitter_card":"summary_large_image","twitter_misc":{"Dur\u00e9e de lecture estim\u00e9e":"1 minute"},"schema":{"@context":"https:\/\/schema.org","@graph":[{"@type":"WebPage","@id":"https:\/\/back2wellbeing.com\/fr\/","url":"https:\/\/back2wellbeing.com\/fr\/","name":"Accueil - Back 2 Well-Being","isPartOf":{"@id":"https:\/\/back2wellbeing.com\/fr\/#website"},"datePublished":"2019-04-24T10:43:41+00:00","dateModified":"2023-03-20T11:05:00+00:00","description":"Nous croyons que nous avons tous la capacit\u00e9 de vivre avec facilit\u00e9 et joie dans la satisfaction de qui nous sommes. Nous croyons que la sant\u00e9 est notre \u00e9tat naturel de l'\u00eatre. Nous avons un peu oubli\u00e9 qui nous sommes au fond de nous. En combinant nos exp\u00e9riences personnelles d\u2019auto-gu\u00e9rison, nos exp\u00e9riences et nos connaissances de m\u00e9decin et de psychologue, et en utilisant les outils que nous avons d\u00e9couverts et appris tout au long du voyage, nous aidons les gens \u00e0 se souvenir et \u00e0 retrouver le chemin vers leur \u00e9tat naturel de sant\u00e9, de joie et de bien-\u00eatre.","breadcrumb":{"@id":"https:\/\/back2wellbeing.com\/fr\/#breadcrumb"},"inLanguage":"fr-FR","potentialAction":[{"@type":"ReadAction","target":["https:\/\/back2wellbeing.com\/fr\/"]}]},{"@type":"BreadcrumbList","@id":"https:\/\/back2wellbeing.com\/fr\/#breadcrumb","itemListElement":[{"@type":"ListItem","position":1,"name":"Home","item":"https:\/\/back2wellbeing.com\/fr\/"},{"@type":"ListItem","position":2,"name":"Accueil"}]},{"@type":"WebSite","@id":"https:\/\/back2wellbeing.com\/fr\/#website","url":"https:\/\/back2wellbeing.com\/fr\/","name":"Back 2 Well-Being","description":"Energy healing","publisher":{"@id":"https:\/\/back2wellbeing.com\/fr\/#organization"},"potentialAction":[{"@type":"SearchAction","target":{"@type":"EntryPoint","urlTemplate":"https:\/\/back2wellbeing.com\/fr\/?s={search_term_string}"},"query-input":{"@type":"PropertyValueSpecification","valueRequired":true,"valueName":"search_term_string"}}],"inLanguage":"fr-FR"},{"@type":"Organization","@id":"https:\/\/back2wellbeing.com\/fr\/#organization","name":"Back 2 Well-Being","url":"https:\/\/back2wellbeing.com\/fr\/","logo":{"@type":"ImageObject","inLanguage":"fr-FR","@id":"https:\/\/back2wellbeing.com\/fr\/#\/schema\/logo\/image\/","url":"https:\/\/back2wellbeing.com\/wp-content\/uploads\/2023\/01\/logo_b2wb_4b-\u2013-kopija-1.jpg","contentUrl":"https:\/\/back2wellbeing.com\/wp-content\/uploads\/2023\/01\/logo_b2wb_4b-\u2013-kopija-1.jpg","width":920,"height":802,"caption":"Back 2 Well-Being"},"image":{"@id":"https:\/\/back2wellbeing.com\/fr\/#\/schema\/logo\/image\/"},"sameAs":["https:\/\/www.facebook.com\/profile.php?id=100087633956178","https:\/\/www.instagram.com\/back2wb\/?fbclid=IwAR2wqtZGZdsr8bfq2o3ZspfLVZW5Ra2pHS91wwF9-Tzk8u05T22hc7P3GFk"]}]}},"blog_post_layout_featured_media_urls":{"thumbnail":"","full":""},"categories_names":null,"comments_number":"0","_links":{"self":[{"href":"https:\/\/back2wellbeing.com\/fr\/wp-json\/wp\/v2\/pages\/1225","targetHints":{"allow":["GET"]}}],"collection":[{"href":"https:\/\/back2wellbeing.com\/fr\/wp-json\/wp\/v2\/pages"}],"about":[{"href":"https:\/\/back2wellbeing.com\/fr\/wp-json\/wp\/v2\/types\/page"}],"author":[{"embeddable":true,"href":"https:\/\/back2wellbeing.com\/fr\/wp-json\/wp\/v2\/users\/1"}],"replies":[{"embeddable":true,"href":"https:\/\/back2wellbeing.com\/fr\/wp-json\/wp\/v2\/comments?post=1225"}],"version-history":[{"count":21,"href":"https:\/\/back2wellbeing.com\/fr\/wp-json\/wp\/v2\/pages\/1225\/revisions"}],"predecessor-version":[{"id":1939,"href":"https:\/\/back2wellbeing.com\/fr\/wp-json\/wp\/v2\/pages\/1225\/revisions\/1939"}],"wp:attachment":[{"href":"https:\/\/back2wellbeing.com\/fr\/wp-json\/wp\/v2\/media?parent=1225"}],"curies":[{"name":"wp","href":"https:\/\/api.w.org\/{rel}","templated":true}]}}