{"id":1218,"date":"2023-01-18T20:45:01","date_gmt":"2023-01-18T19:45:01","guid":{"rendered":"https:\/\/back2wellbeing.com\/?page_id=1218"},"modified":"2023-03-20T12:05:27","modified_gmt":"2023-03-20T11:05:27","slug":"contactez-nous","status":"publish","type":"page","link":"https:\/\/back2wellbeing.com\/fr\/contactez-nous\/","title":{"rendered":"Contact"},"content":{"rendered":"\n<p class=\"has-text-color\" style=\"color:#102847\">Pour plus d\u2019informations sur nos offres, merci de remplir le formulaire ci-dessous.<\/p>\n\n\n\n<p class=\"has-text-color\" style=\"color:#102847\">Nous sommes situ\u00e9s \u00e0 Ljubljana, en SLOV\u00c9NIE.<\/p>\n\n\n\n<p class=\"has-text-color\" style=\"color:#102847\">Les s\u00e9ances de Reiki, Shiatsu, Access bars et canalisation peuvent \u00eatre men\u00e9es en fran\u00e7ais, en anglais ou en slov\u00e8ne.<\/p>\n\n\n\n<p class=\"has-text-color\" style=\"color:#102847\">Les s\u00e9ances de PEAT peuvent \u00eatre men\u00e9es en anglais, en slov\u00e8ne ou en serbo-croate.<\/p>\n\n\n<div class=\"everest-forms\"><div class=\"evf-container default\" id=\"evf-1469\"><form id=\"evf-form-1469\" class=\"everest-form\" data-formid=\"1469\" data-ajax_submission=\"0\" data-keyboard_friendly_form=\"0\" method=\"post\" enctype=\"multipart\/form-data\" action=\"\/fr\/wp-json\/wp\/v2\/pages\/1218\"><div class=\"evf-field-container\"><input type=\"hidden\" id=\"_wpnonce1469\" name=\"_wpnonce1469\" value=\"bf219f27ed\" \/><input type=\"hidden\" name=\"_wp_http_referer\" value=\"\/fr\/wp-json\/wp\/v2\/pages\/1218\" \/><div class=\"evf-frontend-row\" data-row=\"row_1\" conditional_rules=\"[]\"><div class=\"evf-frontend-grid evf-grid-1\" data-grid=\"grid_1\"><div id=\"evf-1469-field_ys0GeZISRs-1-container\" class=\"evf-field evf-field-first-name form-row validate-required\" data-required-field-message=\"This field is required.\" data-field-id=\"ys0GeZISRs-1\"><label class=\"evf-field-label\" for=\"evf-1469-field_ys0GeZISRs-1\"><span class=\"evf-label\">Nom<\/span> <abbr class=\"required\" title=\"N\u00e9cessaire\">*<\/abbr><\/label><input type=\"text\" id=\"evf-1469-field_ys0GeZISRs-1\" class=\"input-text\" name=\"everest_forms[form_fields][ys0GeZISRs-1]\" required><\/div><div id=\"evf-1469-field_LbH5NxasXM-2-container\" class=\"evf-field evf-field-email form-row validate-required validate-email\" data-required-field-message=\"Please enter a valid email address.\" data-field-id=\"LbH5NxasXM-2\"><label class=\"evf-field-label\" for=\"evf-1469-field_LbH5NxasXM-2\"><span class=\"evf-label\">Email<\/span> <abbr class=\"required\" title=\"N\u00e9cessaire\">*<\/abbr><\/label><input type=\"email\" id=\"evf-1469-field_LbH5NxasXM-2\" class=\"input-text\" name=\"everest_forms[form_fields][LbH5NxasXM-2]\" required ><\/div><div id=\"evf-1469-field_yhGx3FOwr2-4-container\" class=\"evf-field evf-field-textarea form-row\" data-field-id=\"yhGx3FOwr2-4\"><label class=\"evf-field-label\" for=\"evf-1469-field_yhGx3FOwr2-4\"><span class=\"evf-label\">Message<\/span> <\/label><textarea id=\"evf-1469-field_yhGx3FOwr2-4\" class=\"input-text\" name=\"everest_forms[form_fields][yhGx3FOwr2-4]\"  ><\/textarea><\/div><\/div><\/div><\/div><div class=\"evf-honeypot-container evf-field-hp\"><label for=\"evf-1469-field-hp\" class=\"evf-field-label\">Website<\/label><input type=\"text\" name=\"everest_forms[hp]\" id=\"evf-1469-field-hp\" class=\"input-text\"><\/div><div class=\"evf-submit-container \" ><input type=\"hidden\" name=\"everest_forms[id]\" value=\"1469\"><input type=\"hidden\" name=\"everest_forms[author]\" value=\"1\"><button type='submit' name='everest_forms[submit]' class='everest-forms-submit-button button evf-submit ' id='evf-submit-1469' value='evf-submit' data-process-text=\"Processing\u2026\" conditional_rules='&quot;&quot;' conditional_id='evf-submit-1469'  id=\"evf-submit-1469\" aria-live=\"assertive\">Submit<\/button><\/div><\/form><\/div><!-- .evf-container --><\/div>","protected":false},"excerpt":{"rendered":"<p>Pour plus d\u2019informations sur nos offres, merci de remplir le formulaire ci-dessous. Nous sommes situ\u00e9s \u00e0 Ljubljana, en SLOV\u00c9NIE. Les s\u00e9ances de Reiki, Shiatsu, Access bars et canalisation peuvent \u00eatre men\u00e9es en fran\u00e7ais, en anglais ou en slov\u00e8ne. Les s\u00e9ances de PEAT peuvent \u00eatre men\u00e9es en anglais, en slov\u00e8ne ou en serbo-croate.<\/p>\n","protected":false},"author":1,"featured_media":0,"parent":0,"menu_order":0,"comment_status":"closed","ping_status":"closed","template":"","meta":{"footnotes":""},"class_list":["post-1218","page","type-page","status-publish","hentry"],"yoast_head":"<!-- This site is optimized with the Yoast SEO plugin v27.4 - https:\/\/yoast.com\/product\/yoast-seo-wordpress\/ -->\n<title>Contact - Back 2 Well-Being<\/title>\n<meta name=\"description\" content=\"Pour plus d\u2019informations sur nos offres, merci de nous contacter par e-mail \u00e0 : contact.b2wb@gmail.com. Nous sommes situ\u00e9s \u00e0 Ljubljana, en SLOV\u00c9NIE. Toutes les s\u00e9ances de th\u00e9rapie peuvent \u00eatre men\u00e9es en fran\u00e7ais, en anglais ou en slov\u00e8ne.\" \/>\n<meta name=\"robots\" content=\"index, follow, max-snippet:-1, max-image-preview:large, max-video-preview:-1\" \/>\n<link rel=\"canonical\" href=\"https:\/\/back2wellbeing.com\/fr\/contactez-nous\/\" \/>\n<meta property=\"og:locale\" content=\"fr_FR\" \/>\n<meta property=\"og:type\" content=\"article\" \/>\n<meta property=\"og:title\" content=\"Contact - Back 2 Well-Being\" \/>\n<meta property=\"og:description\" content=\"Pour plus d\u2019informations sur nos offres, merci de nous contacter par e-mail \u00e0 : contact.b2wb@gmail.com. Nous sommes situ\u00e9s \u00e0 Ljubljana, en SLOV\u00c9NIE. Toutes les s\u00e9ances de th\u00e9rapie peuvent \u00eatre men\u00e9es en fran\u00e7ais, en anglais ou en slov\u00e8ne.\" \/>\n<meta property=\"og:url\" content=\"https:\/\/back2wellbeing.com\/fr\/contactez-nous\/\" \/>\n<meta property=\"og:site_name\" content=\"Back 2 Well-Being\" \/>\n<meta property=\"article:publisher\" content=\"https:\/\/www.facebook.com\/profile.php?id=100087633956178\" \/>\n<meta property=\"article:modified_time\" content=\"2023-03-20T11:05:27+00:00\" \/>\n<meta name=\"twitter:card\" content=\"summary_large_image\" \/>\n<meta name=\"twitter:label1\" content=\"Dur\u00e9e de lecture estim\u00e9e\" \/>\n\t<meta name=\"twitter:data1\" content=\"1 minute\" \/>\n<script type=\"application\/ld+json\" class=\"yoast-schema-graph\">{\"@context\":\"https:\\\/\\\/schema.org\",\"@graph\":[{\"@type\":\"WebPage\",\"@id\":\"https:\\\/\\\/back2wellbeing.com\\\/fr\\\/contactez-nous\\\/\",\"url\":\"https:\\\/\\\/back2wellbeing.com\\\/fr\\\/contactez-nous\\\/\",\"name\":\"Contact - Back 2 Well-Being\",\"isPartOf\":{\"@id\":\"https:\\\/\\\/back2wellbeing.com\\\/fr\\\/#website\"},\"datePublished\":\"2023-01-18T19:45:01+00:00\",\"dateModified\":\"2023-03-20T11:05:27+00:00\",\"description\":\"Pour plus d\u2019informations sur nos offres, merci de nous contacter par e-mail \u00e0 : contact.b2wb@gmail.com. Nous sommes situ\u00e9s \u00e0 Ljubljana, en SLOV\u00c9NIE. Toutes les s\u00e9ances de th\u00e9rapie peuvent \u00eatre men\u00e9es en fran\u00e7ais, en anglais ou en slov\u00e8ne.\",\"breadcrumb\":{\"@id\":\"https:\\\/\\\/back2wellbeing.com\\\/fr\\\/contactez-nous\\\/#breadcrumb\"},\"inLanguage\":\"fr-FR\",\"potentialAction\":[{\"@type\":\"ReadAction\",\"target\":[\"https:\\\/\\\/back2wellbeing.com\\\/fr\\\/contactez-nous\\\/\"]}]},{\"@type\":\"BreadcrumbList\",\"@id\":\"https:\\\/\\\/back2wellbeing.com\\\/fr\\\/contactez-nous\\\/#breadcrumb\",\"itemListElement\":[{\"@type\":\"ListItem\",\"position\":1,\"name\":\"Home\",\"item\":\"https:\\\/\\\/back2wellbeing.com\\\/fr\\\/\"},{\"@type\":\"ListItem\",\"position\":2,\"name\":\"Contact\"}]},{\"@type\":\"WebSite\",\"@id\":\"https:\\\/\\\/back2wellbeing.com\\\/fr\\\/#website\",\"url\":\"https:\\\/\\\/back2wellbeing.com\\\/fr\\\/\",\"name\":\"Back 2 Well-Being\",\"description\":\"Energy healing\",\"publisher\":{\"@id\":\"https:\\\/\\\/back2wellbeing.com\\\/fr\\\/#organization\"},\"potentialAction\":[{\"@type\":\"SearchAction\",\"target\":{\"@type\":\"EntryPoint\",\"urlTemplate\":\"https:\\\/\\\/back2wellbeing.com\\\/fr\\\/?s={search_term_string}\"},\"query-input\":{\"@type\":\"PropertyValueSpecification\",\"valueRequired\":true,\"valueName\":\"search_term_string\"}}],\"inLanguage\":\"fr-FR\"},{\"@type\":\"Organization\",\"@id\":\"https:\\\/\\\/back2wellbeing.com\\\/fr\\\/#organization\",\"name\":\"Back 2 Well-Being\",\"url\":\"https:\\\/\\\/back2wellbeing.com\\\/fr\\\/\",\"logo\":{\"@type\":\"ImageObject\",\"inLanguage\":\"fr-FR\",\"@id\":\"https:\\\/\\\/back2wellbeing.com\\\/fr\\\/#\\\/schema\\\/logo\\\/image\\\/\",\"url\":\"https:\\\/\\\/back2wellbeing.com\\\/wp-content\\\/uploads\\\/2023\\\/01\\\/logo_b2wb_4b-\u2013-kopija-1.jpg\",\"contentUrl\":\"https:\\\/\\\/back2wellbeing.com\\\/wp-content\\\/uploads\\\/2023\\\/01\\\/logo_b2wb_4b-\u2013-kopija-1.jpg\",\"width\":920,\"height\":802,\"caption\":\"Back 2 Well-Being\"},\"image\":{\"@id\":\"https:\\\/\\\/back2wellbeing.com\\\/fr\\\/#\\\/schema\\\/logo\\\/image\\\/\"},\"sameAs\":[\"https:\\\/\\\/www.facebook.com\\\/profile.php?id=100087633956178\",\"https:\\\/\\\/www.instagram.com\\\/back2wb\\\/?fbclid=IwAR2wqtZGZdsr8bfq2o3ZspfLVZW5Ra2pHS91wwF9-Tzk8u05T22hc7P3GFk\"]}]}<\/script>\n<!-- \/ Yoast SEO plugin. -->","yoast_head_json":{"title":"Contact - Back 2 Well-Being","description":"Pour plus d\u2019informations sur nos offres, merci de nous contacter par e-mail \u00e0 : contact.b2wb@gmail.com. Nous sommes situ\u00e9s \u00e0 Ljubljana, en SLOV\u00c9NIE. Toutes les s\u00e9ances de th\u00e9rapie peuvent \u00eatre men\u00e9es en fran\u00e7ais, en anglais ou en slov\u00e8ne.","robots":{"index":"index","follow":"follow","max-snippet":"max-snippet:-1","max-image-preview":"max-image-preview:large","max-video-preview":"max-video-preview:-1"},"canonical":"https:\/\/back2wellbeing.com\/fr\/contactez-nous\/","og_locale":"fr_FR","og_type":"article","og_title":"Contact - Back 2 Well-Being","og_description":"Pour plus d\u2019informations sur nos offres, merci de nous contacter par e-mail \u00e0 : contact.b2wb@gmail.com. Nous sommes situ\u00e9s \u00e0 Ljubljana, en SLOV\u00c9NIE. Toutes les s\u00e9ances de th\u00e9rapie peuvent \u00eatre men\u00e9es en fran\u00e7ais, en anglais ou en slov\u00e8ne.","og_url":"https:\/\/back2wellbeing.com\/fr\/contactez-nous\/","og_site_name":"Back 2 Well-Being","article_publisher":"https:\/\/www.facebook.com\/profile.php?id=100087633956178","article_modified_time":"2023-03-20T11:05:27+00:00","twitter_card":"summary_large_image","twitter_misc":{"Dur\u00e9e de lecture estim\u00e9e":"1 minute"},"schema":{"@context":"https:\/\/schema.org","@graph":[{"@type":"WebPage","@id":"https:\/\/back2wellbeing.com\/fr\/contactez-nous\/","url":"https:\/\/back2wellbeing.com\/fr\/contactez-nous\/","name":"Contact - Back 2 Well-Being","isPartOf":{"@id":"https:\/\/back2wellbeing.com\/fr\/#website"},"datePublished":"2023-01-18T19:45:01+00:00","dateModified":"2023-03-20T11:05:27+00:00","description":"Pour plus d\u2019informations sur nos offres, merci de nous contacter par e-mail \u00e0 : contact.b2wb@gmail.com. Nous sommes situ\u00e9s \u00e0 Ljubljana, en SLOV\u00c9NIE. Toutes les s\u00e9ances de th\u00e9rapie peuvent \u00eatre men\u00e9es en fran\u00e7ais, en anglais ou en slov\u00e8ne.","breadcrumb":{"@id":"https:\/\/back2wellbeing.com\/fr\/contactez-nous\/#breadcrumb"},"inLanguage":"fr-FR","potentialAction":[{"@type":"ReadAction","target":["https:\/\/back2wellbeing.com\/fr\/contactez-nous\/"]}]},{"@type":"BreadcrumbList","@id":"https:\/\/back2wellbeing.com\/fr\/contactez-nous\/#breadcrumb","itemListElement":[{"@type":"ListItem","position":1,"name":"Home","item":"https:\/\/back2wellbeing.com\/fr\/"},{"@type":"ListItem","position":2,"name":"Contact"}]},{"@type":"WebSite","@id":"https:\/\/back2wellbeing.com\/fr\/#website","url":"https:\/\/back2wellbeing.com\/fr\/","name":"Back 2 Well-Being","description":"Energy healing","publisher":{"@id":"https:\/\/back2wellbeing.com\/fr\/#organization"},"potentialAction":[{"@type":"SearchAction","target":{"@type":"EntryPoint","urlTemplate":"https:\/\/back2wellbeing.com\/fr\/?s={search_term_string}"},"query-input":{"@type":"PropertyValueSpecification","valueRequired":true,"valueName":"search_term_string"}}],"inLanguage":"fr-FR"},{"@type":"Organization","@id":"https:\/\/back2wellbeing.com\/fr\/#organization","name":"Back 2 Well-Being","url":"https:\/\/back2wellbeing.com\/fr\/","logo":{"@type":"ImageObject","inLanguage":"fr-FR","@id":"https:\/\/back2wellbeing.com\/fr\/#\/schema\/logo\/image\/","url":"https:\/\/back2wellbeing.com\/wp-content\/uploads\/2023\/01\/logo_b2wb_4b-\u2013-kopija-1.jpg","contentUrl":"https:\/\/back2wellbeing.com\/wp-content\/uploads\/2023\/01\/logo_b2wb_4b-\u2013-kopija-1.jpg","width":920,"height":802,"caption":"Back 2 Well-Being"},"image":{"@id":"https:\/\/back2wellbeing.com\/fr\/#\/schema\/logo\/image\/"},"sameAs":["https:\/\/www.facebook.com\/profile.php?id=100087633956178","https:\/\/www.instagram.com\/back2wb\/?fbclid=IwAR2wqtZGZdsr8bfq2o3ZspfLVZW5Ra2pHS91wwF9-Tzk8u05T22hc7P3GFk"]}]}},"blog_post_layout_featured_media_urls":{"thumbnail":"","full":""},"categories_names":null,"comments_number":"0","_links":{"self":[{"href":"https:\/\/back2wellbeing.com\/fr\/wp-json\/wp\/v2\/pages\/1218","targetHints":{"allow":["GET"]}}],"collection":[{"href":"https:\/\/back2wellbeing.com\/fr\/wp-json\/wp\/v2\/pages"}],"about":[{"href":"https:\/\/back2wellbeing.com\/fr\/wp-json\/wp\/v2\/types\/page"}],"author":[{"embeddable":true,"href":"https:\/\/back2wellbeing.com\/fr\/wp-json\/wp\/v2\/users\/1"}],"replies":[{"embeddable":true,"href":"https:\/\/back2wellbeing.com\/fr\/wp-json\/wp\/v2\/comments?post=1218"}],"version-history":[{"count":18,"href":"https:\/\/back2wellbeing.com\/fr\/wp-json\/wp\/v2\/pages\/1218\/revisions"}],"predecessor-version":[{"id":1940,"href":"https:\/\/back2wellbeing.com\/fr\/wp-json\/wp\/v2\/pages\/1218\/revisions\/1940"}],"wp:attachment":[{"href":"https:\/\/back2wellbeing.com\/fr\/wp-json\/wp\/v2\/media?parent=1218"}],"curies":[{"name":"wp","href":"https:\/\/api.w.org\/{rel}","templated":true}]}}