{"id":1206,"date":"2023-01-16T20:20:44","date_gmt":"2023-01-16T19:20:44","guid":{"rendered":"https:\/\/back2wellbeing.com\/?page_id=1206"},"modified":"2023-03-20T16:25:31","modified_gmt":"2023-03-20T15:25:31","slug":"reiki","status":"publish","type":"page","link":"https:\/\/back2wellbeing.com\/fr\/reiki\/","title":{"rendered":"Reiki"},"content":{"rendered":"\n<p class=\"has-text-color\" style=\"color:#102847\">Le Reiki est une forme de m\u00e9decine alternative n\u00e9e au Japon au d\u00e9but du XXe si\u00e8cle. <\/p>\n\n<div class=\"wp-block-columns has-text-color is-layout-flex wp-container-core-columns-is-layout-9d6595d7 wp-block-columns-is-layout-flex\" style=\"color:#a6c2c6\">\n<div class=\"wp-block-column is-layout-flow wp-block-column-is-layout-flow\" style=\"flex-basis:100%\">\n<blockquote class=\"wp-block-quote is-layout-flow wp-block-quote-is-layout-flow\">\n<p class=\"has-text-color\" style=\"color:#a6c2c6\">Le mot \u00ab Reiki \u00bb est compos\u00e9 de deux mots japonais : \u00ab rei \u00bb qui signifie \u00ab universel \u00bb et \u00ab ki \u00bb qui signifie \u00ab \u00e9nergie \u00bb et fait r\u00e9f\u00e9rence \u00e0 l\u2019\u00e9nergie universelle qui circule \u00e0 travers tous les \u00eatres vivants. <\/p>\n<\/blockquote>\n<\/div>\n<\/div>\n\n<p class=\"has-text-color\" style=\"color:#102847\">Ce flux d\u2019\u00e9nergie maintient l\u2019\u00e9quilibre et l\u2019harmonie dans le corps et l\u2019esprit. Dans le mode de vie stressant d\u2019aujourd\u2019hui, qui peut progressivement nous \u00e9loigner de nous-m\u00eames, des blocages se cr\u00e9ent et la circulation du Ki est perturb\u00e9e. Cela peut entra\u00eener des d\u00e9s\u00e9quilibres physiques, \u00e9motionnels et mentaux, qui \u00e0 leur tour se manifestent sous forme de maladie.<\/p>\n\n<p class=\"has-text-color\" style=\"color:#a6c2c6\"><br\/><strong>En tant que ma\u00eetre reiki, je peux canaliser l\u2019\u00e9nergie reiki et permettre le r\u00e9\u00e9quilibrage de celle-ci, la lib\u00e9ration des blocages, et l\u2019ouverture des centres \u00e9nerg\u00e9tiques (chakras). Une s\u00e9ance de reiki, en plus d\u2019aider \u00e0 soulager les sympt\u00f4mes de d\u00e9s\u00e9quilibre \u00e9nerg\u00e9tique, vous procure un profond sentiment de paix et de bien-\u00eatre apr\u00e8s la s\u00e9ance. <\/strong><\/p>\n\n<p class=\"has-text-color\" style=\"color:#102847\">Le nombre de s\u00e9ances n\u00e9cessaires varie d\u2019une personne \u00e0 l\u2019autre, parfois une s\u00e9ance suffit \u00e0 d\u00e9bloquer le probl\u00e8me qui vous a amen\u00e9 \u00e0 la s\u00e9ance de reiki, et parfois plusieurs s\u00e9ances sont n\u00e9cessaires.<br\/>Le Reiki convient \u00e0 toutes sortes de troubles physiques ou \u00e9motionnels, comme par exemple les douleurs chroniques, le stress, la fatigue ou encore l\u2019insomnie, et vous guidera vers un sentiment d\u2019\u00e9quilibre et de bien-\u00eatre.<\/p>\n\n<p class=\"has-text-color\" style=\"color:#102847\">Le reiki \u00e0 distance est aussi efficace que lorsqu\u2019il est pratiqu\u00e9 en personne.<\/p>\n\n<figure class=\"wp-block-image size-large\"><img loading=\"lazy\" decoding=\"async\" width=\"1024\" height=\"384\" src=\"https:\/\/back2wellbeing.com\/wp-content\/uploads\/2023\/01\/Reiki-2_1920x720-1024x384.png\" alt=\"Reiki_traitement energ&#xE9;tique\" class=\"wp-image-425\" srcset=\"https:\/\/back2wellbeing.com\/wp-content\/uploads\/2023\/01\/Reiki-2_1920x720-1024x384.png 1024w, https:\/\/back2wellbeing.com\/wp-content\/uploads\/2023\/01\/Reiki-2_1920x720-300x113.png 300w, https:\/\/back2wellbeing.com\/wp-content\/uploads\/2023\/01\/Reiki-2_1920x720-768x288.png 768w, https:\/\/back2wellbeing.com\/wp-content\/uploads\/2023\/01\/Reiki-2_1920x720-1536x576.png 1536w, https:\/\/back2wellbeing.com\/wp-content\/uploads\/2023\/01\/Reiki-2_1920x720.png 1920w\" sizes=\"auto, (max-width: 1024px) 100vw, 1024px\" \/><\/figure>\n\n<p><\/p>\n\n<div class=\"wp-block-buttons is-layout-flex wp-block-buttons-is-layout-flex\">\n<div class=\"wp-block-button aligncenter\"><a class=\"wp-block-button__link has-text-color has-background wp-element-button\" href=\"https:\/\/back2wellbeing.com\/fr\/contactez-nous\/\" style=\"color:#102847;background-color:#a6c2c6\">Contact<\/a><\/div>\n<\/div>\n","protected":false},"excerpt":{"rendered":"<p>Le Reiki est une forme de m\u00e9decine alternative n\u00e9e au Japon au d\u00e9but du XXe si\u00e8cle. Le mot \u00ab Reiki \u00bb est compos\u00e9 de deux mots japonais : \u00ab rei \u00bb qui signifie \u00ab universel \u00bb et \u00ab ki \u00bb qui signifie \u00ab \u00e9nergie \u00bb et fait r\u00e9f\u00e9rence \u00e0 l\u2019\u00e9nergie universelle qui circule \u00e0 travers [&hellip;]<\/p>\n","protected":false},"author":1,"featured_media":0,"parent":0,"menu_order":0,"comment_status":"closed","ping_status":"closed","template":"","meta":{"footnotes":""},"class_list":["post-1206","page","type-page","status-publish","hentry"],"yoast_head":"<!-- This site is optimized with the Yoast SEO plugin v27.4 - https:\/\/yoast.com\/product\/yoast-seo-wordpress\/ -->\n<title>Reiki - Back 2 Well-Being<\/title>\n<meta name=\"description\" content=\"Le Reiki est une forme de m\u00e9decine alternative n\u00e9e au Japon au d\u00e9but du XXe si\u00e8cle. Le mot \u00ab Reiki \u00bb est compos\u00e9 de deux mots japonais : \u00ab rei \u00bb qui signifie \u00ab universel \u00bb et \u00ab ki \u00bb qui signifie \u00ab \u00e9nergie \u00bb et fait r\u00e9f\u00e9rence \u00e0 l\u2019\u00e9nergie universelle qui circule \u00e0 travers tous les \u00eatres vivants. Ce flux d\u2019\u00e9nergie maintient l\u2019\u00e9quilibre et l\u2019harmonie dans le corps et l\u2019esprit. Dans le mode de vie stressant d\u2019aujourd\u2019hui, qui peut progressivement nous \u00e9loigner de nous-m\u00eames, des blocages se cr\u00e9ent et la circulation du Ki est perturb\u00e9e. Cela peut entra\u00eener des d\u00e9s\u00e9quilibres physiques, \u00e9motionnels et mentaux, qui \u00e0 leur tour se manifestent sous forme de maladie.\" \/>\n<meta name=\"robots\" content=\"index, follow, max-snippet:-1, max-image-preview:large, max-video-preview:-1\" \/>\n<link rel=\"canonical\" href=\"https:\/\/back2wellbeing.com\/fr\/reiki\/\" \/>\n<meta property=\"og:locale\" content=\"fr_FR\" \/>\n<meta property=\"og:type\" content=\"article\" \/>\n<meta property=\"og:title\" content=\"Reiki - Back 2 Well-Being\" \/>\n<meta property=\"og:description\" content=\"Le Reiki est une forme de m\u00e9decine alternative n\u00e9e au Japon au d\u00e9but du XXe si\u00e8cle. Le mot \u00ab Reiki \u00bb est compos\u00e9 de deux mots japonais : \u00ab rei \u00bb qui signifie \u00ab universel \u00bb et \u00ab ki \u00bb qui signifie \u00ab \u00e9nergie \u00bb et fait r\u00e9f\u00e9rence \u00e0 l\u2019\u00e9nergie universelle qui circule \u00e0 travers tous les \u00eatres vivants. Ce flux d\u2019\u00e9nergie maintient l\u2019\u00e9quilibre et l\u2019harmonie dans le corps et l\u2019esprit. Dans le mode de vie stressant d\u2019aujourd\u2019hui, qui peut progressivement nous \u00e9loigner de nous-m\u00eames, des blocages se cr\u00e9ent et la circulation du Ki est perturb\u00e9e. Cela peut entra\u00eener des d\u00e9s\u00e9quilibres physiques, \u00e9motionnels et mentaux, qui \u00e0 leur tour se manifestent sous forme de maladie.\" \/>\n<meta property=\"og:url\" content=\"https:\/\/back2wellbeing.com\/fr\/reiki\/\" \/>\n<meta property=\"og:site_name\" content=\"Back 2 Well-Being\" \/>\n<meta property=\"article:publisher\" content=\"https:\/\/www.facebook.com\/profile.php?id=100087633956178\" \/>\n<meta property=\"article:modified_time\" content=\"2023-03-20T15:25:31+00:00\" \/>\n<meta property=\"og:image\" content=\"https:\/\/back2wellbeing.com\/wp-content\/uploads\/2023\/01\/Reiki-2_1920x720-1024x384.png\" \/>\n<meta name=\"twitter:card\" content=\"summary_large_image\" \/>\n<meta name=\"twitter:label1\" content=\"Dur\u00e9e de lecture estim\u00e9e\" \/>\n\t<meta name=\"twitter:data1\" content=\"2 minutes\" \/>\n<script type=\"application\/ld+json\" class=\"yoast-schema-graph\">{\"@context\":\"https:\\\/\\\/schema.org\",\"@graph\":[{\"@type\":\"WebPage\",\"@id\":\"https:\\\/\\\/back2wellbeing.com\\\/fr\\\/reiki\\\/\",\"url\":\"https:\\\/\\\/back2wellbeing.com\\\/fr\\\/reiki\\\/\",\"name\":\"Reiki - Back 2 Well-Being\",\"isPartOf\":{\"@id\":\"https:\\\/\\\/back2wellbeing.com\\\/fr\\\/#website\"},\"primaryImageOfPage\":{\"@id\":\"https:\\\/\\\/back2wellbeing.com\\\/fr\\\/reiki\\\/#primaryimage\"},\"image\":{\"@id\":\"https:\\\/\\\/back2wellbeing.com\\\/fr\\\/reiki\\\/#primaryimage\"},\"thumbnailUrl\":\"https:\\\/\\\/back2wellbeing.com\\\/wp-content\\\/uploads\\\/2023\\\/01\\\/Reiki-2_1920x720-1024x384.png\",\"datePublished\":\"2023-01-16T19:20:44+00:00\",\"dateModified\":\"2023-03-20T15:25:31+00:00\",\"description\":\"Le Reiki est une forme de m\u00e9decine alternative n\u00e9e au Japon au d\u00e9but du XXe si\u00e8cle. Le mot \u00ab Reiki \u00bb est compos\u00e9 de deux mots japonais : \u00ab rei \u00bb qui signifie \u00ab universel \u00bb et \u00ab ki \u00bb qui signifie \u00ab \u00e9nergie \u00bb et fait r\u00e9f\u00e9rence \u00e0 l\u2019\u00e9nergie universelle qui circule \u00e0 travers tous les \u00eatres vivants. Ce flux d\u2019\u00e9nergie maintient l\u2019\u00e9quilibre et l\u2019harmonie dans le corps et l\u2019esprit. Dans le mode de vie stressant d\u2019aujourd\u2019hui, qui peut progressivement nous \u00e9loigner de nous-m\u00eames, des blocages se cr\u00e9ent et la circulation du Ki est perturb\u00e9e. Cela peut entra\u00eener des d\u00e9s\u00e9quilibres physiques, \u00e9motionnels et mentaux, qui \u00e0 leur tour se manifestent sous forme de maladie.\",\"breadcrumb\":{\"@id\":\"https:\\\/\\\/back2wellbeing.com\\\/fr\\\/reiki\\\/#breadcrumb\"},\"inLanguage\":\"fr-FR\",\"potentialAction\":[{\"@type\":\"ReadAction\",\"target\":[\"https:\\\/\\\/back2wellbeing.com\\\/fr\\\/reiki\\\/\"]}]},{\"@type\":\"ImageObject\",\"inLanguage\":\"fr-FR\",\"@id\":\"https:\\\/\\\/back2wellbeing.com\\\/fr\\\/reiki\\\/#primaryimage\",\"url\":\"https:\\\/\\\/back2wellbeing.com\\\/wp-content\\\/uploads\\\/2023\\\/01\\\/Reiki-2_1920x720-1024x384.png\",\"contentUrl\":\"https:\\\/\\\/back2wellbeing.com\\\/wp-content\\\/uploads\\\/2023\\\/01\\\/Reiki-2_1920x720-1024x384.png\"},{\"@type\":\"BreadcrumbList\",\"@id\":\"https:\\\/\\\/back2wellbeing.com\\\/fr\\\/reiki\\\/#breadcrumb\",\"itemListElement\":[{\"@type\":\"ListItem\",\"position\":1,\"name\":\"Home\",\"item\":\"https:\\\/\\\/back2wellbeing.com\\\/fr\\\/\"},{\"@type\":\"ListItem\",\"position\":2,\"name\":\"Reiki\"}]},{\"@type\":\"WebSite\",\"@id\":\"https:\\\/\\\/back2wellbeing.com\\\/fr\\\/#website\",\"url\":\"https:\\\/\\\/back2wellbeing.com\\\/fr\\\/\",\"name\":\"Back 2 Well-Being\",\"description\":\"Energy healing\",\"publisher\":{\"@id\":\"https:\\\/\\\/back2wellbeing.com\\\/fr\\\/#organization\"},\"potentialAction\":[{\"@type\":\"SearchAction\",\"target\":{\"@type\":\"EntryPoint\",\"urlTemplate\":\"https:\\\/\\\/back2wellbeing.com\\\/fr\\\/?s={search_term_string}\"},\"query-input\":{\"@type\":\"PropertyValueSpecification\",\"valueRequired\":true,\"valueName\":\"search_term_string\"}}],\"inLanguage\":\"fr-FR\"},{\"@type\":\"Organization\",\"@id\":\"https:\\\/\\\/back2wellbeing.com\\\/fr\\\/#organization\",\"name\":\"Back 2 Well-Being\",\"url\":\"https:\\\/\\\/back2wellbeing.com\\\/fr\\\/\",\"logo\":{\"@type\":\"ImageObject\",\"inLanguage\":\"fr-FR\",\"@id\":\"https:\\\/\\\/back2wellbeing.com\\\/fr\\\/#\\\/schema\\\/logo\\\/image\\\/\",\"url\":\"https:\\\/\\\/back2wellbeing.com\\\/wp-content\\\/uploads\\\/2023\\\/01\\\/logo_b2wb_4b-\u2013-kopija-1.jpg\",\"contentUrl\":\"https:\\\/\\\/back2wellbeing.com\\\/wp-content\\\/uploads\\\/2023\\\/01\\\/logo_b2wb_4b-\u2013-kopija-1.jpg\",\"width\":920,\"height\":802,\"caption\":\"Back 2 Well-Being\"},\"image\":{\"@id\":\"https:\\\/\\\/back2wellbeing.com\\\/fr\\\/#\\\/schema\\\/logo\\\/image\\\/\"},\"sameAs\":[\"https:\\\/\\\/www.facebook.com\\\/profile.php?id=100087633956178\",\"https:\\\/\\\/www.instagram.com\\\/back2wb\\\/?fbclid=IwAR2wqtZGZdsr8bfq2o3ZspfLVZW5Ra2pHS91wwF9-Tzk8u05T22hc7P3GFk\"]}]}<\/script>\n<!-- \/ Yoast SEO plugin. -->","yoast_head_json":{"title":"Reiki - Back 2 Well-Being","description":"Le Reiki est une forme de m\u00e9decine alternative n\u00e9e au Japon au d\u00e9but du XXe si\u00e8cle. Le mot \u00ab Reiki \u00bb est compos\u00e9 de deux mots japonais : \u00ab rei \u00bb qui signifie \u00ab universel \u00bb et \u00ab ki \u00bb qui signifie \u00ab \u00e9nergie \u00bb et fait r\u00e9f\u00e9rence \u00e0 l\u2019\u00e9nergie universelle qui circule \u00e0 travers tous les \u00eatres vivants. Ce flux d\u2019\u00e9nergie maintient l\u2019\u00e9quilibre et l\u2019harmonie dans le corps et l\u2019esprit. Dans le mode de vie stressant d\u2019aujourd\u2019hui, qui peut progressivement nous \u00e9loigner de nous-m\u00eames, des blocages se cr\u00e9ent et la circulation du Ki est perturb\u00e9e. Cela peut entra\u00eener des d\u00e9s\u00e9quilibres physiques, \u00e9motionnels et mentaux, qui \u00e0 leur tour se manifestent sous forme de maladie.","robots":{"index":"index","follow":"follow","max-snippet":"max-snippet:-1","max-image-preview":"max-image-preview:large","max-video-preview":"max-video-preview:-1"},"canonical":"https:\/\/back2wellbeing.com\/fr\/reiki\/","og_locale":"fr_FR","og_type":"article","og_title":"Reiki - Back 2 Well-Being","og_description":"Le Reiki est une forme de m\u00e9decine alternative n\u00e9e au Japon au d\u00e9but du XXe si\u00e8cle. Le mot \u00ab Reiki \u00bb est compos\u00e9 de deux mots japonais : \u00ab rei \u00bb qui signifie \u00ab universel \u00bb et \u00ab ki \u00bb qui signifie \u00ab \u00e9nergie \u00bb et fait r\u00e9f\u00e9rence \u00e0 l\u2019\u00e9nergie universelle qui circule \u00e0 travers tous les \u00eatres vivants. Ce flux d\u2019\u00e9nergie maintient l\u2019\u00e9quilibre et l\u2019harmonie dans le corps et l\u2019esprit. Dans le mode de vie stressant d\u2019aujourd\u2019hui, qui peut progressivement nous \u00e9loigner de nous-m\u00eames, des blocages se cr\u00e9ent et la circulation du Ki est perturb\u00e9e. Cela peut entra\u00eener des d\u00e9s\u00e9quilibres physiques, \u00e9motionnels et mentaux, qui \u00e0 leur tour se manifestent sous forme de maladie.","og_url":"https:\/\/back2wellbeing.com\/fr\/reiki\/","og_site_name":"Back 2 Well-Being","article_publisher":"https:\/\/www.facebook.com\/profile.php?id=100087633956178","article_modified_time":"2023-03-20T15:25:31+00:00","og_image":[{"url":"https:\/\/back2wellbeing.com\/wp-content\/uploads\/2023\/01\/Reiki-2_1920x720-1024x384.png","type":"","width":"","height":""}],"twitter_card":"summary_large_image","twitter_misc":{"Dur\u00e9e de lecture estim\u00e9e":"2 minutes"},"schema":{"@context":"https:\/\/schema.org","@graph":[{"@type":"WebPage","@id":"https:\/\/back2wellbeing.com\/fr\/reiki\/","url":"https:\/\/back2wellbeing.com\/fr\/reiki\/","name":"Reiki - Back 2 Well-Being","isPartOf":{"@id":"https:\/\/back2wellbeing.com\/fr\/#website"},"primaryImageOfPage":{"@id":"https:\/\/back2wellbeing.com\/fr\/reiki\/#primaryimage"},"image":{"@id":"https:\/\/back2wellbeing.com\/fr\/reiki\/#primaryimage"},"thumbnailUrl":"https:\/\/back2wellbeing.com\/wp-content\/uploads\/2023\/01\/Reiki-2_1920x720-1024x384.png","datePublished":"2023-01-16T19:20:44+00:00","dateModified":"2023-03-20T15:25:31+00:00","description":"Le Reiki est une forme de m\u00e9decine alternative n\u00e9e au Japon au d\u00e9but du XXe si\u00e8cle. Le mot \u00ab Reiki \u00bb est compos\u00e9 de deux mots japonais : \u00ab rei \u00bb qui signifie \u00ab universel \u00bb et \u00ab ki \u00bb qui signifie \u00ab \u00e9nergie \u00bb et fait r\u00e9f\u00e9rence \u00e0 l\u2019\u00e9nergie universelle qui circule \u00e0 travers tous les \u00eatres vivants. Ce flux d\u2019\u00e9nergie maintient l\u2019\u00e9quilibre et l\u2019harmonie dans le corps et l\u2019esprit. Dans le mode de vie stressant d\u2019aujourd\u2019hui, qui peut progressivement nous \u00e9loigner de nous-m\u00eames, des blocages se cr\u00e9ent et la circulation du Ki est perturb\u00e9e. Cela peut entra\u00eener des d\u00e9s\u00e9quilibres physiques, \u00e9motionnels et mentaux, qui \u00e0 leur tour se manifestent sous forme de maladie.","breadcrumb":{"@id":"https:\/\/back2wellbeing.com\/fr\/reiki\/#breadcrumb"},"inLanguage":"fr-FR","potentialAction":[{"@type":"ReadAction","target":["https:\/\/back2wellbeing.com\/fr\/reiki\/"]}]},{"@type":"ImageObject","inLanguage":"fr-FR","@id":"https:\/\/back2wellbeing.com\/fr\/reiki\/#primaryimage","url":"https:\/\/back2wellbeing.com\/wp-content\/uploads\/2023\/01\/Reiki-2_1920x720-1024x384.png","contentUrl":"https:\/\/back2wellbeing.com\/wp-content\/uploads\/2023\/01\/Reiki-2_1920x720-1024x384.png"},{"@type":"BreadcrumbList","@id":"https:\/\/back2wellbeing.com\/fr\/reiki\/#breadcrumb","itemListElement":[{"@type":"ListItem","position":1,"name":"Home","item":"https:\/\/back2wellbeing.com\/fr\/"},{"@type":"ListItem","position":2,"name":"Reiki"}]},{"@type":"WebSite","@id":"https:\/\/back2wellbeing.com\/fr\/#website","url":"https:\/\/back2wellbeing.com\/fr\/","name":"Back 2 Well-Being","description":"Energy healing","publisher":{"@id":"https:\/\/back2wellbeing.com\/fr\/#organization"},"potentialAction":[{"@type":"SearchAction","target":{"@type":"EntryPoint","urlTemplate":"https:\/\/back2wellbeing.com\/fr\/?s={search_term_string}"},"query-input":{"@type":"PropertyValueSpecification","valueRequired":true,"valueName":"search_term_string"}}],"inLanguage":"fr-FR"},{"@type":"Organization","@id":"https:\/\/back2wellbeing.com\/fr\/#organization","name":"Back 2 Well-Being","url":"https:\/\/back2wellbeing.com\/fr\/","logo":{"@type":"ImageObject","inLanguage":"fr-FR","@id":"https:\/\/back2wellbeing.com\/fr\/#\/schema\/logo\/image\/","url":"https:\/\/back2wellbeing.com\/wp-content\/uploads\/2023\/01\/logo_b2wb_4b-\u2013-kopija-1.jpg","contentUrl":"https:\/\/back2wellbeing.com\/wp-content\/uploads\/2023\/01\/logo_b2wb_4b-\u2013-kopija-1.jpg","width":920,"height":802,"caption":"Back 2 Well-Being"},"image":{"@id":"https:\/\/back2wellbeing.com\/fr\/#\/schema\/logo\/image\/"},"sameAs":["https:\/\/www.facebook.com\/profile.php?id=100087633956178","https:\/\/www.instagram.com\/back2wb\/?fbclid=IwAR2wqtZGZdsr8bfq2o3ZspfLVZW5Ra2pHS91wwF9-Tzk8u05T22hc7P3GFk"]}]}},"blog_post_layout_featured_media_urls":{"thumbnail":"","full":""},"categories_names":null,"comments_number":"0","_links":{"self":[{"href":"https:\/\/back2wellbeing.com\/fr\/wp-json\/wp\/v2\/pages\/1206","targetHints":{"allow":["GET"]}}],"collection":[{"href":"https:\/\/back2wellbeing.com\/fr\/wp-json\/wp\/v2\/pages"}],"about":[{"href":"https:\/\/back2wellbeing.com\/fr\/wp-json\/wp\/v2\/types\/page"}],"author":[{"embeddable":true,"href":"https:\/\/back2wellbeing.com\/fr\/wp-json\/wp\/v2\/users\/1"}],"replies":[{"embeddable":true,"href":"https:\/\/back2wellbeing.com\/fr\/wp-json\/wp\/v2\/comments?post=1206"}],"version-history":[{"count":20,"href":"https:\/\/back2wellbeing.com\/fr\/wp-json\/wp\/v2\/pages\/1206\/revisions"}],"predecessor-version":[{"id":1979,"href":"https:\/\/back2wellbeing.com\/fr\/wp-json\/wp\/v2\/pages\/1206\/revisions\/1979"}],"wp:attachment":[{"href":"https:\/\/back2wellbeing.com\/fr\/wp-json\/wp\/v2\/media?parent=1206"}],"curies":[{"name":"wp","href":"https:\/\/api.w.org\/{rel}","templated":true}]}}